{"id":1182,"date":"2022-07-28T12:43:53","date_gmt":"2022-07-28T15:43:53","guid":{"rendered":"http:\/\/10.101.10.196\/sp\/?page_id=1182"},"modified":"2022-09-26T09:41:23","modified_gmt":"2022-09-26T12:41:23","slug":"identifica","status":"publish","type":"page","link":"https:\/\/sp.fica.unsl.edu.ar\/index.php\/identifica\/","title":{"rendered":"IdentiFICA"},"content":{"rendered":"\t\t<div data-elementor-type=\"wp-page\" data-elementor-id=\"1182\" class=\"elementor elementor-1182\">\n\t\t\t\t\t\t<section class=\"elementor-section elementor-top-section elementor-element elementor-element-24ecda3 elementor-section-stretched elementor-section-full_width elementor-section-height-default elementor-section-height-default\" data-id=\"24ecda3\" data-element_type=\"section\" data-e-type=\"section\" data-settings=\"{&quot;stretch_section&quot;:&quot;section-stretched&quot;}\">\n\t\t\t\t\t\t\t<div class=\"elementor-background-overlay\"><\/div>\n\t\t\t\t\t\t\t<div class=\"elementor-container elementor-column-gap-no\">\n\t\t\t\t\t<div class=\"elementor-column elementor-col-100 elementor-top-column elementor-element elementor-element-7d0a7e3\" data-id=\"7d0a7e3\" data-element_type=\"column\" data-e-type=\"column\" data-settings=\"{&quot;background_background&quot;:&quot;classic&quot;}\">\n\t\t\t<div class=\"elementor-widget-wrap elementor-element-populated\">\n\t\t\t\t\t<div class=\"elementor-background-overlay\"><\/div>\n\t\t\t\t\t\t<section class=\"elementor-section elementor-inner-section elementor-element elementor-element-5661a9b elementor-section-full_width elementor-section-height-default elementor-section-height-default\" data-id=\"5661a9b\" data-element_type=\"section\" data-e-type=\"section\">\n\t\t\t\t\t\t<div class=\"elementor-container elementor-column-gap-no\">\n\t\t\t\t\t<div class=\"elementor-column elementor-col-100 elementor-inner-column elementor-element elementor-element-e15ff44\" data-id=\"e15ff44\" data-element_type=\"column\" data-e-type=\"column\">\n\t\t\t<div class=\"elementor-widget-wrap elementor-element-populated\">\n\t\t\t\t\t\t<div class=\"elementor-element elementor-element-fe553b3 elementor-invisible elementor-widget elementor-widget-image\" data-id=\"fe553b3\" data-element_type=\"widget\" data-e-type=\"widget\" data-settings=\"{&quot;_animation&quot;:&quot;fadeInDown&quot;}\" data-widget_type=\"image.default\">\n\t\t\t\t<div class=\"elementor-widget-container\">\n\t\t\t\t\t\t\t\t\t\t\t\t\t\t\t<img fetchpriority=\"high\" decoding=\"async\" width=\"843\" height=\"144\" src=\"https:\/\/sp.fica.unsl.edu.ar\/wp-content\/uploads\/2022\/07\/IdentiFICA_Gris-1024x175.png\" class=\"attachment-large size-large wp-image-1179\" alt=\"\" srcset=\"https:\/\/sp.fica.unsl.edu.ar\/wp-content\/uploads\/2022\/07\/IdentiFICA_Gris-1024x175.png 1024w, https:\/\/sp.fica.unsl.edu.ar\/wp-content\/uploads\/2022\/07\/IdentiFICA_Gris-300x51.png 300w, https:\/\/sp.fica.unsl.edu.ar\/wp-content\/uploads\/2022\/07\/IdentiFICA_Gris-768x131.png 768w, https:\/\/sp.fica.unsl.edu.ar\/wp-content\/uploads\/2022\/07\/IdentiFICA_Gris-1536x262.png 1536w, https:\/\/sp.fica.unsl.edu.ar\/wp-content\/uploads\/2022\/07\/IdentiFICA_Gris-2048x350.png 2048w\" sizes=\"(max-width: 843px) 100vw, 843px\" \/>\t\t\t\t\t\t\t\t\t\t\t\t\t\t\t<\/div>\n\t\t\t\t<\/div>\n\t\t\t\t<div class=\"elementor-element elementor-element-167a5a8 elementor-widget elementor-widget-text-editor\" data-id=\"167a5a8\" data-element_type=\"widget\" data-e-type=\"widget\" data-widget_type=\"text-editor.default\">\n\t\t\t\t<div class=\"elementor-widget-container\">\n\t\t\t\t\t\t\t\t\t<p style=\"text-align: center;\"><strong>ISSN 2953-383X<\/strong><\/p>\t\t\t\t\t\t\t\t<\/div>\n\t\t\t\t<\/div>\n\t\t\t\t\t<\/div>\n\t\t<\/div>\n\t\t\t\t\t<\/div>\n\t\t<\/section>\n\t\t\t\t<div class=\"elementor-element elementor-element-f85e682 elementor-widget elementor-widget-text-editor\" data-id=\"f85e682\" data-element_type=\"widget\" data-e-type=\"widget\" data-widget_type=\"text-editor.default\">\n\t\t\t\t<div class=\"elementor-widget-container\">\n\t\t\t\t\t\t\t\t\t<p><br \/>Publicaci\u00f3n Anual de la Facultad de Ingenier\u00eda y Ciencias Agropecuarias, de la Universidad Nacional de San Luis.<\/p>\t\t\t\t\t\t\t\t<\/div>\n\t\t\t\t<\/div>\n\t\t\t\t<section class=\"elementor-section elementor-inner-section elementor-element elementor-element-031699a elementor-section-boxed elementor-section-height-default elementor-section-height-default\" data-id=\"031699a\" data-element_type=\"section\" data-e-type=\"section\">\n\t\t\t\t\t\t<div class=\"elementor-container elementor-column-gap-default\">\n\t\t\t\t\t<div class=\"elementor-column elementor-col-50 elementor-inner-column elementor-element elementor-element-67a36d4\" data-id=\"67a36d4\" data-element_type=\"column\" data-e-type=\"column\">\n\t\t\t<div class=\"elementor-widget-wrap elementor-element-populated\">\n\t\t\t\t\t\t<div class=\"elementor-element elementor-element-a776398 elementor-widget elementor-widget-text-editor\" data-id=\"a776398\" data-element_type=\"widget\" data-e-type=\"widget\" data-widget_type=\"text-editor.default\">\n\t\t\t\t<div class=\"elementor-widget-container\">\n\t\t\t\t\t\t\t\t\t<p><span style=\"color: var( --e-global-color-text ); font-family: var( --e-global-typography-text-font-family ), Sans-serif;\"><span style=\"font-size: 10pt; font-weight: var( --e-global-typography-text-font-weight );\">La Facultad de Ingenier\u00eda y Ciencias Agropecuarias, se complace en presentar <\/span><\/span><span style=\"font-size: 10pt; color: var( --e-global-color-text ); font-family: var( --e-global-typography-text-font-family ), Sans-serif; font-weight: var( --e-global-typography-text-font-weight );\"><b>IdentiFICA<\/b><\/span><span style=\"font-size: 10pt; color: var( --e-global-color-text ); font-family: var( --e-global-typography-text-font-family ), Sans-serif;\"><span style=\"font-weight: var( --e-global-typography-text-font-weight );\">. Una publicaci\u00f3n que surge en el marco de instaurar la \u201cSemana de la Ingenier\u00eda \u2013 Semana FICA\u201d en conmemoraci\u00f3n de celebrarse el 6 de junio el D\u00eda de la Ingenier\u00eda en Argentina. La finalidad de esta semana es la divulgaci\u00f3n, el encuentro, la relaci\u00f3n e interacci\u00f3n mediante una serie de acciones, sobre desarrollos, estudios o productos como resultados de actividades de extensi\u00f3n, investigaci\u00f3n y docencia realizadas en nuestra Unidad Acad\u00e9mica, donde se procura reunir a toda la comunidad universitaria, profesionales, empresas, graduados y p\u00fablico en general.<\/span><br \/><\/span><span style=\"font-size: 10pt; color: var( --e-global-color-text ); font-family: var( --e-global-typography-text-font-family ), Sans-serif; font-weight: var( --e-global-typography-text-font-weight );\"><b>IdentiFICA<\/b><\/span><span style=\"font-size: 10pt; color: var( --e-global-color-text ); font-family: var( --e-global-typography-text-font-family ), Sans-serif; font-weight: var( --e-global-typography-text-font-weight );\">, es una revista anual de divulgaci\u00f3n cuyo objetivo es de publicar informaci\u00f3n sobre las diferentes tareas y actividades desarrolladas o generadas por investigadores, docentes y estudiantes de grado y posgrados en el \u00e1mbito de nuestra facultad, y que adem\u00e1s pretende establecer, demostrar y reconocer nuestra identidad.<br \/><\/span><span style=\"color: var( --e-global-color-text ); font-family: var( --e-global-typography-text-font-family ), Sans-serif; font-weight: var( --e-global-typography-text-font-weight ); font-size: 10pt;\">Esta primera edici\u00f3n est\u00e1 constituida por los 58 res\u00famenes de las ponencias presentadas por docentes, investigadores y estudiantes, y aprobadas por un comit\u00e9 de revisi\u00f3n. Tambi\u00e9n es el momento oportuno para hacer un merecido agradecimiento y reconocimiento a todas aquellas personas que directa o indirectamente ayudaron a consolidar esta propuesta institucional: a la direcci\u00f3n editorial por el tiempo y trabajo dedicados, al comit\u00e9 editorial por su acompa\u00f1amiento, a los autores de art\u00edculos por sus aportes, a los revisores por su colaboraci\u00f3n, al personal t\u00e9cnico, de dise\u00f1o y a los dem\u00e1s colaboradores. A todos ellos, \u00a1muchas gracias!.<br \/><\/span><span style=\"color: var( --e-global-color-text ); font-family: var( --e-global-typography-text-font-family ), Sans-serif; font-weight: var( --e-global-typography-text-font-weight ); font-size: 10pt;\">Hemos puesto mucha ilusi\u00f3n en esta publicaci\u00f3n. Esperamos que, a trav\u00e9s de este peque\u00f1o aporte, se constituya en un incentivo y contribuya a renovar el compromiso cotidiano de contribuir, desde nuestro ejercicio profesional, a la construcci\u00f3n, crecimiento y desarrollo sostenible de la sociedad que anhelamos.<\/span><\/p>\t\t\t\t\t\t\t\t<\/div>\n\t\t\t\t<\/div>\n\t\t\t\t<div class=\"elementor-element elementor-element-1dc5813 elementor-widget elementor-widget-text-editor\" data-id=\"1dc5813\" data-element_type=\"widget\" data-e-type=\"widget\" data-widget_type=\"text-editor.default\">\n\t\t\t\t<div class=\"elementor-widget-container\">\n\t\t\t\t\t\t\t\t\t<p><span style=\"font-size: 12pt;\"><b>Sergio Luis Ribota <\/b><\/span><br \/><span style=\"font-size: 12pt;\"><b>Decano FICA<\/b><\/span><\/p>\t\t\t\t\t\t\t\t<\/div>\n\t\t\t\t<\/div>\n\t\t\t\t\t<\/div>\n\t\t<\/div>\n\t\t\t\t<div class=\"elementor-column elementor-col-50 elementor-inner-column elementor-element elementor-element-59b5514\" data-id=\"59b5514\" data-element_type=\"column\" data-e-type=\"column\">\n\t\t\t<div class=\"elementor-widget-wrap elementor-element-populated\">\n\t\t\t\t\t\t<div class=\"elementor-element elementor-element-400ec6e elementor-widget elementor-widget-image\" data-id=\"400ec6e\" data-element_type=\"widget\" data-e-type=\"widget\" data-widget_type=\"image.default\">\n\t\t\t\t<div class=\"elementor-widget-container\">\n\t\t\t\t\t\t\t\t\t\t\t\t\t\t\t\t<a href=\"https:\/\/sp.fica.unsl.edu.ar\/wp-content\/uploads\/2022\/09\/IdentiFICA-No-1-Edicion-2022.pdf\">\n\t\t\t\t\t\t\t<img decoding=\"async\" width=\"605\" height=\"847\" src=\"https:\/\/sp.fica.unsl.edu.ar\/wp-content\/uploads\/2022\/09\/IdentiFICA-vol1.png\" class=\"attachment-large size-large wp-image-1296\" alt=\"\" srcset=\"https:\/\/sp.fica.unsl.edu.ar\/wp-content\/uploads\/2022\/09\/IdentiFICA-vol1.png 605w, https:\/\/sp.fica.unsl.edu.ar\/wp-content\/uploads\/2022\/09\/IdentiFICA-vol1-214x300.png 214w\" sizes=\"(max-width: 605px) 100vw, 605px\" \/>\t\t\t\t\t\t\t\t<\/a>\n\t\t\t\t\t\t\t\t\t\t\t\t\t\t\t<\/div>\n\t\t\t\t<\/div>\n\t\t\t\t<div class=\"elementor-element elementor-element-9cf61c4 elementor-align-center elementor-widget elementor-widget-button\" data-id=\"9cf61c4\" data-element_type=\"widget\" data-e-type=\"widget\" data-widget_type=\"button.default\">\n\t\t\t\t<div class=\"elementor-widget-container\">\n\t\t\t\t\t\t\t\t\t<div class=\"elementor-button-wrapper\">\n\t\t\t\t\t<a class=\"elementor-button elementor-button-link elementor-size-sm\" href=\"https:\/\/sp.fica.unsl.edu.ar\/wp-content\/uploads\/2022\/09\/IdentiFICA-No-1-Edicion-2022.pdf\">\n\t\t\t\t\t\t<span class=\"elementor-button-content-wrapper\">\n\t\t\t\t\t\t\t\t\t<span class=\"elementor-button-text\">Ver edici\u00f3n N\u00ba1<\/span>\n\t\t\t\t\t<\/span>\n\t\t\t\t\t<\/a>\n\t\t\t\t<\/div>\n\t\t\t\t\t\t\t\t<\/div>\n\t\t\t\t<\/div>\n\t\t\t\t\t<\/div>\n\t\t<\/div>\n\t\t\t\t\t<\/div>\n\t\t<\/section>\n\t\t\t\t<div class=\"elementor-element elementor-element-b9a578e elementor-widget elementor-widget-spacer\" data-id=\"b9a578e\" data-element_type=\"widget\" data-e-type=\"widget\" data-widget_type=\"spacer.default\">\n\t\t\t\t<div class=\"elementor-widget-container\">\n\t\t\t\t\t\t\t<div class=\"elementor-spacer\">\n\t\t\t<div class=\"elementor-spacer-inner\"><\/div>\n\t\t<\/div>\n\t\t\t\t\t\t<\/div>\n\t\t\t\t<\/div>\n\t\t\t\t\t<\/div>\n\t\t<\/div>\n\t\t\t\t\t<\/div>\n\t\t<\/section>\n\t\t\t\t<section class=\"elementor-section elementor-top-section elementor-element elementor-element-88c20e9 elementor-section-full_width elementor-section-height-default elementor-section-height-default\" data-id=\"88c20e9\" data-element_type=\"section\" data-e-type=\"section\" data-settings=\"{&quot;background_background&quot;:&quot;classic&quot;}\">\n\t\t\t\t\t\t<div class=\"elementor-container elementor-column-gap-default\">\n\t\t\t\t\t<div class=\"elementor-column elementor-col-100 elementor-top-column elementor-element elementor-element-c070600\" data-id=\"c070600\" data-element_type=\"column\" data-e-type=\"column\">\n\t\t\t<div class=\"elementor-widget-wrap elementor-element-populated\">\n\t\t\t\t\t\t<div class=\"elementor-element elementor-element-57ea090 elementor-widget elementor-widget-text-editor\" data-id=\"57ea090\" data-element_type=\"widget\" data-e-type=\"widget\" data-widget_type=\"text-editor.default\">\n\t\t\t\t<div class=\"elementor-widget-container\">\n\t\t\t\t\t\t\t\t\t<p>IdentiFICA\u00a0 ISSN 2953-383X<br \/><strong>Direcci\u00f3n postal:<\/strong> Ruta Provincial N\u00b055 Extremo norte, Villa Mercedes (D5730EKQ), San Luis, Argentina.<\/p>\t\t\t\t\t\t\t\t<\/div>\n\t\t\t\t<\/div>\n\t\t\t\t\t<\/div>\n\t\t<\/div>\n\t\t\t\t\t<\/div>\n\t\t<\/section>\n\t\t\t\t<\/div>\n\t\t","protected":false},"excerpt":{"rendered":"<p>ISSN 2953-383X Publicaci\u00f3n Anual de la Facultad de Ingenier\u00eda y Ciencias Agropecuarias, de la Universidad Nacional de San Luis. La Facultad de Ingenier\u00eda y Ciencias&hellip;<\/p>\n","protected":false},"author":4,"featured_media":0,"parent":0,"menu_order":0,"comment_status":"closed","ping_status":"closed","template":"elementor_canvas","meta":{"_monsterinsights_skip_tracking":false,"_monsterinsights_sitenote_active":false,"_monsterinsights_sitenote_note":"","_monsterinsights_sitenote_category":0,"footnotes":""},"class_list":["post-1182","page","type-page","status-publish","hentry"],"yoast_head":"<!-- This site is optimized with the Yoast SEO plugin v27.0 - https:\/\/yoast.com\/product\/yoast-seo-wordpress\/ -->\n<title>IdentiFICA - SP<\/title>\n<meta name=\"robots\" content=\"index, follow, max-snippet:-1, max-image-preview:large, max-video-preview:-1\" \/>\n<link rel=\"canonical\" href=\"https:\/\/sp.fica.unsl.edu.ar\/index.php\/identifica\/\" \/>\n<meta property=\"og:locale\" content=\"es_ES\" \/>\n<meta property=\"og:type\" content=\"article\" \/>\n<meta property=\"og:title\" content=\"IdentiFICA - SP\" \/>\n<meta property=\"og:description\" content=\"ISSN 2953-383X Publicaci\u00f3n Anual de la Facultad de Ingenier\u00eda y Ciencias Agropecuarias, de la Universidad Nacional de San Luis. La Facultad de Ingenier\u00eda y Ciencias&hellip;\" \/>\n<meta property=\"og:url\" content=\"https:\/\/sp.fica.unsl.edu.ar\/index.php\/identifica\/\" \/>\n<meta property=\"og:site_name\" content=\"SP\" \/>\n<meta property=\"article:modified_time\" content=\"2022-09-26T12:41:23+00:00\" \/>\n<meta property=\"og:image\" content=\"https:\/\/sp.fica.unsl.edu.ar\/wp-content\/uploads\/2022\/07\/IdentiFICA_Gris-1024x175.png\" \/>\n<meta name=\"twitter:card\" content=\"summary_large_image\" \/>\n<meta name=\"twitter:label1\" content=\"Tiempo de lectura\" \/>\n\t<meta name=\"twitter:data1\" content=\"2 minutos\" \/>\n<script type=\"application\/ld+json\" class=\"yoast-schema-graph\">{\"@context\":\"https:\/\/schema.org\",\"@graph\":[{\"@type\":\"WebPage\",\"@id\":\"https:\/\/sp.fica.unsl.edu.ar\/index.php\/identifica\/\",\"url\":\"https:\/\/sp.fica.unsl.edu.ar\/index.php\/identifica\/\",\"name\":\"IdentiFICA - SP\",\"isPartOf\":{\"@id\":\"https:\/\/sp.fica.unsl.edu.ar\/#website\"},\"primaryImageOfPage\":{\"@id\":\"https:\/\/sp.fica.unsl.edu.ar\/index.php\/identifica\/#primaryimage\"},\"image\":{\"@id\":\"https:\/\/sp.fica.unsl.edu.ar\/index.php\/identifica\/#primaryimage\"},\"thumbnailUrl\":\"https:\/\/sp.fica.unsl.edu.ar\/wp-content\/uploads\/2022\/07\/IdentiFICA_Gris-1024x175.png\",\"datePublished\":\"2022-07-28T15:43:53+00:00\",\"dateModified\":\"2022-09-26T12:41:23+00:00\",\"breadcrumb\":{\"@id\":\"https:\/\/sp.fica.unsl.edu.ar\/index.php\/identifica\/#breadcrumb\"},\"inLanguage\":\"es-AR\",\"potentialAction\":[{\"@type\":\"ReadAction\",\"target\":[\"https:\/\/sp.fica.unsl.edu.ar\/index.php\/identifica\/\"]}]},{\"@type\":\"ImageObject\",\"inLanguage\":\"es-AR\",\"@id\":\"https:\/\/sp.fica.unsl.edu.ar\/index.php\/identifica\/#primaryimage\",\"url\":\"https:\/\/sp.fica.unsl.edu.ar\/wp-content\/uploads\/2022\/07\/IdentiFICA_Gris.png\",\"contentUrl\":\"https:\/\/sp.fica.unsl.edu.ar\/wp-content\/uploads\/2022\/07\/IdentiFICA_Gris.png\",\"width\":2173,\"height\":371},{\"@type\":\"BreadcrumbList\",\"@id\":\"https:\/\/sp.fica.unsl.edu.ar\/index.php\/identifica\/#breadcrumb\",\"itemListElement\":[{\"@type\":\"ListItem\",\"position\":1,\"name\":\"Inicio\",\"item\":\"https:\/\/sp.fica.unsl.edu.ar\/\"},{\"@type\":\"ListItem\",\"position\":2,\"name\":\"IdentiFICA\"}]},{\"@type\":\"WebSite\",\"@id\":\"https:\/\/sp.fica.unsl.edu.ar\/#website\",\"url\":\"https:\/\/sp.fica.unsl.edu.ar\/\",\"name\":\"SP\",\"description\":\"Secretar\u00eda de Planeamiento\",\"publisher\":{\"@id\":\"https:\/\/sp.fica.unsl.edu.ar\/#organization\"},\"potentialAction\":[{\"@type\":\"SearchAction\",\"target\":{\"@type\":\"EntryPoint\",\"urlTemplate\":\"https:\/\/sp.fica.unsl.edu.ar\/?s={search_term_string}\"},\"query-input\":{\"@type\":\"PropertyValueSpecification\",\"valueRequired\":true,\"valueName\":\"search_term_string\"}}],\"inLanguage\":\"es-AR\"},{\"@type\":\"Organization\",\"@id\":\"https:\/\/sp.fica.unsl.edu.ar\/#organization\",\"name\":\"Secretar\u00eda de Planeamiento - Facultad de Ingenier\u00eda y Ciencias Agropecuarias\",\"url\":\"https:\/\/sp.fica.unsl.edu.ar\/\",\"logo\":{\"@type\":\"ImageObject\",\"inLanguage\":\"es-AR\",\"@id\":\"https:\/\/sp.fica.unsl.edu.ar\/#\/schema\/logo\/image\/\",\"url\":\"https:\/\/sp.fica.unsl.edu.ar\/wp-content\/uploads\/2022\/02\/logo-SP.png\",\"contentUrl\":\"https:\/\/sp.fica.unsl.edu.ar\/wp-content\/uploads\/2022\/02\/logo-SP.png\",\"width\":4483,\"height\":1231,\"caption\":\"Secretar\u00eda de Planeamiento - Facultad de Ingenier\u00eda y Ciencias Agropecuarias\"},\"image\":{\"@id\":\"https:\/\/sp.fica.unsl.edu.ar\/#\/schema\/logo\/image\/\"}}]}<\/script>\n<!-- \/ Yoast SEO plugin. -->","yoast_head_json":{"title":"IdentiFICA - SP","robots":{"index":"index","follow":"follow","max-snippet":"max-snippet:-1","max-image-preview":"max-image-preview:large","max-video-preview":"max-video-preview:-1"},"canonical":"https:\/\/sp.fica.unsl.edu.ar\/index.php\/identifica\/","og_locale":"es_ES","og_type":"article","og_title":"IdentiFICA - SP","og_description":"ISSN 2953-383X Publicaci\u00f3n Anual de la Facultad de Ingenier\u00eda y Ciencias Agropecuarias, de la Universidad Nacional de San Luis. La Facultad de Ingenier\u00eda y Ciencias&hellip;","og_url":"https:\/\/sp.fica.unsl.edu.ar\/index.php\/identifica\/","og_site_name":"SP","article_modified_time":"2022-09-26T12:41:23+00:00","og_image":[{"url":"https:\/\/sp.fica.unsl.edu.ar\/wp-content\/uploads\/2022\/07\/IdentiFICA_Gris-1024x175.png","type":"","width":"","height":""}],"twitter_card":"summary_large_image","twitter_misc":{"Tiempo de lectura":"2 minutos"},"schema":{"@context":"https:\/\/schema.org","@graph":[{"@type":"WebPage","@id":"https:\/\/sp.fica.unsl.edu.ar\/index.php\/identifica\/","url":"https:\/\/sp.fica.unsl.edu.ar\/index.php\/identifica\/","name":"IdentiFICA - SP","isPartOf":{"@id":"https:\/\/sp.fica.unsl.edu.ar\/#website"},"primaryImageOfPage":{"@id":"https:\/\/sp.fica.unsl.edu.ar\/index.php\/identifica\/#primaryimage"},"image":{"@id":"https:\/\/sp.fica.unsl.edu.ar\/index.php\/identifica\/#primaryimage"},"thumbnailUrl":"https:\/\/sp.fica.unsl.edu.ar\/wp-content\/uploads\/2022\/07\/IdentiFICA_Gris-1024x175.png","datePublished":"2022-07-28T15:43:53+00:00","dateModified":"2022-09-26T12:41:23+00:00","breadcrumb":{"@id":"https:\/\/sp.fica.unsl.edu.ar\/index.php\/identifica\/#breadcrumb"},"inLanguage":"es-AR","potentialAction":[{"@type":"ReadAction","target":["https:\/\/sp.fica.unsl.edu.ar\/index.php\/identifica\/"]}]},{"@type":"ImageObject","inLanguage":"es-AR","@id":"https:\/\/sp.fica.unsl.edu.ar\/index.php\/identifica\/#primaryimage","url":"https:\/\/sp.fica.unsl.edu.ar\/wp-content\/uploads\/2022\/07\/IdentiFICA_Gris.png","contentUrl":"https:\/\/sp.fica.unsl.edu.ar\/wp-content\/uploads\/2022\/07\/IdentiFICA_Gris.png","width":2173,"height":371},{"@type":"BreadcrumbList","@id":"https:\/\/sp.fica.unsl.edu.ar\/index.php\/identifica\/#breadcrumb","itemListElement":[{"@type":"ListItem","position":1,"name":"Inicio","item":"https:\/\/sp.fica.unsl.edu.ar\/"},{"@type":"ListItem","position":2,"name":"IdentiFICA"}]},{"@type":"WebSite","@id":"https:\/\/sp.fica.unsl.edu.ar\/#website","url":"https:\/\/sp.fica.unsl.edu.ar\/","name":"SP","description":"Secretar\u00eda de Planeamiento","publisher":{"@id":"https:\/\/sp.fica.unsl.edu.ar\/#organization"},"potentialAction":[{"@type":"SearchAction","target":{"@type":"EntryPoint","urlTemplate":"https:\/\/sp.fica.unsl.edu.ar\/?s={search_term_string}"},"query-input":{"@type":"PropertyValueSpecification","valueRequired":true,"valueName":"search_term_string"}}],"inLanguage":"es-AR"},{"@type":"Organization","@id":"https:\/\/sp.fica.unsl.edu.ar\/#organization","name":"Secretar\u00eda de Planeamiento - Facultad de Ingenier\u00eda y Ciencias Agropecuarias","url":"https:\/\/sp.fica.unsl.edu.ar\/","logo":{"@type":"ImageObject","inLanguage":"es-AR","@id":"https:\/\/sp.fica.unsl.edu.ar\/#\/schema\/logo\/image\/","url":"https:\/\/sp.fica.unsl.edu.ar\/wp-content\/uploads\/2022\/02\/logo-SP.png","contentUrl":"https:\/\/sp.fica.unsl.edu.ar\/wp-content\/uploads\/2022\/02\/logo-SP.png","width":4483,"height":1231,"caption":"Secretar\u00eda de Planeamiento - Facultad de Ingenier\u00eda y Ciencias Agropecuarias"},"image":{"@id":"https:\/\/sp.fica.unsl.edu.ar\/#\/schema\/logo\/image\/"}}]}},"_links":{"self":[{"href":"https:\/\/sp.fica.unsl.edu.ar\/index.php\/wp-json\/wp\/v2\/pages\/1182","targetHints":{"allow":["GET"]}}],"collection":[{"href":"https:\/\/sp.fica.unsl.edu.ar\/index.php\/wp-json\/wp\/v2\/pages"}],"about":[{"href":"https:\/\/sp.fica.unsl.edu.ar\/index.php\/wp-json\/wp\/v2\/types\/page"}],"author":[{"embeddable":true,"href":"https:\/\/sp.fica.unsl.edu.ar\/index.php\/wp-json\/wp\/v2\/users\/4"}],"replies":[{"embeddable":true,"href":"https:\/\/sp.fica.unsl.edu.ar\/index.php\/wp-json\/wp\/v2\/comments?post=1182"}],"version-history":[{"count":83,"href":"https:\/\/sp.fica.unsl.edu.ar\/index.php\/wp-json\/wp\/v2\/pages\/1182\/revisions"}],"predecessor-version":[{"id":1303,"href":"https:\/\/sp.fica.unsl.edu.ar\/index.php\/wp-json\/wp\/v2\/pages\/1182\/revisions\/1303"}],"wp:attachment":[{"href":"https:\/\/sp.fica.unsl.edu.ar\/index.php\/wp-json\/wp\/v2\/media?parent=1182"}],"curies":[{"name":"wp","href":"https:\/\/api.w.org\/{rel}","templated":true}]}}