{"id":289,"date":"2022-02-08T12:13:52","date_gmt":"2022-02-08T15:13:52","guid":{"rendered":"http:\/\/10.101.10.196\/sp\/?page_id=289"},"modified":"2022-07-05T09:45:23","modified_gmt":"2022-07-05T12:45:23","slug":"la-secretaria","status":"publish","type":"page","link":"https:\/\/sp.fica.unsl.edu.ar\/index.php\/la-secretaria\/","title":{"rendered":"La Secretar\u00eda"},"content":{"rendered":"\t\t<div data-elementor-type=\"wp-page\" data-elementor-id=\"289\" class=\"elementor elementor-289\">\n\t\t\t\t\t\t<section class=\"elementor-section elementor-top-section elementor-element elementor-element-ef4e20c elementor-section-full_width elementor-section-height-default elementor-section-height-default\" data-id=\"ef4e20c\" data-element_type=\"section\" data-e-type=\"section\">\n\t\t\t\t\t\t<div class=\"elementor-container elementor-column-gap-default\">\n\t\t\t\t\t<div class=\"elementor-column elementor-col-100 elementor-top-column elementor-element elementor-element-cb64dad\" data-id=\"cb64dad\" data-element_type=\"column\" data-e-type=\"column\">\n\t\t\t<div class=\"elementor-widget-wrap elementor-element-populated\">\n\t\t\t\t\t\t<div class=\"elementor-element elementor-element-3534757 elementor-widget elementor-widget-button\" data-id=\"3534757\" data-element_type=\"widget\" data-e-type=\"widget\" data-widget_type=\"button.default\">\n\t\t\t\t<div class=\"elementor-widget-container\">\n\t\t\t\t\t\t\t\t\t<div class=\"elementor-button-wrapper\">\n\t\t\t\t\t<a class=\"elementor-button elementor-button-link elementor-size-sm\" href=\"#\">\n\t\t\t\t\t\t<span class=\"elementor-button-content-wrapper\">\n\t\t\t\t\t\t\t\t\t<span class=\"elementor-button-text\">Secretar\u00eda de Planeamiento<\/span>\n\t\t\t\t\t<\/span>\n\t\t\t\t\t<\/a>\n\t\t\t\t<\/div>\n\t\t\t\t\t\t\t\t<\/div>\n\t\t\t\t<\/div>\n\t\t\t\t<section class=\"elementor-section elementor-inner-section elementor-element elementor-element-044afc4 elementor-section-full_width elementor-section-height-default elementor-section-height-default\" data-id=\"044afc4\" data-element_type=\"section\" data-e-type=\"section\">\n\t\t\t\t\t\t<div class=\"elementor-container elementor-column-gap-default\">\n\t\t\t\t\t<div class=\"elementor-column elementor-col-50 elementor-inner-column elementor-element elementor-element-ac1cca2\" data-id=\"ac1cca2\" data-element_type=\"column\" data-e-type=\"column\">\n\t\t\t<div class=\"elementor-widget-wrap elementor-element-populated\">\n\t\t\t\t\t\t<div class=\"elementor-element elementor-element-2f64f75 elementor-widget elementor-widget-heading\" data-id=\"2f64f75\" data-element_type=\"widget\" data-e-type=\"widget\" data-widget_type=\"heading.default\">\n\t\t\t\t<div class=\"elementor-widget-container\">\n\t\t\t\t\t<h2 class=\"elementor-heading-title elementor-size-default\">Secretario de Planeamiento<\/h2>\t\t\t\t<\/div>\n\t\t\t\t<\/div>\n\t\t\t\t\t<\/div>\n\t\t<\/div>\n\t\t\t\t<div class=\"elementor-column elementor-col-50 elementor-inner-column elementor-element elementor-element-cfd91f2\" data-id=\"cfd91f2\" data-element_type=\"column\" data-e-type=\"column\">\n\t\t\t<div class=\"elementor-widget-wrap\">\n\t\t\t\t\t\t\t<\/div>\n\t\t<\/div>\n\t\t\t\t\t<\/div>\n\t\t<\/section>\n\t\t\t\t<section class=\"elementor-section elementor-inner-section elementor-element elementor-element-390b324 elementor-section-full_width elementor-section-height-default elementor-section-height-default\" data-id=\"390b324\" data-element_type=\"section\" data-e-type=\"section\">\n\t\t\t\t\t\t<div class=\"elementor-container elementor-column-gap-default\">\n\t\t\t\t\t<div class=\"elementor-column elementor-col-33 elementor-inner-column elementor-element elementor-element-97a4a02\" data-id=\"97a4a02\" data-element_type=\"column\" data-e-type=\"column\">\n\t\t\t<div class=\"elementor-widget-wrap elementor-element-populated\">\n\t\t\t\t\t\t<div class=\"elementor-element elementor-element-7879b88 elementor-widget elementor-widget-text-editor\" data-id=\"7879b88\" data-element_type=\"widget\" data-e-type=\"widget\" data-widget_type=\"text-editor.default\">\n\t\t\t\t<div class=\"elementor-widget-container\">\n\t\t\t\t\t\t\t\t\t<p>Ing. Javier Alejandro Carletto<\/p>\t\t\t\t\t\t\t\t<\/div>\n\t\t\t\t<\/div>\n\t\t\t\t\t<\/div>\n\t\t<\/div>\n\t\t\t\t<div class=\"elementor-column elementor-col-33 elementor-inner-column elementor-element elementor-element-9ad26b5\" data-id=\"9ad26b5\" data-element_type=\"column\" data-e-type=\"column\">\n\t\t\t<div class=\"elementor-widget-wrap elementor-element-populated\">\n\t\t\t\t\t\t<div class=\"elementor-element elementor-element-7d34a90 elementor-position-inline-start elementor-view-default elementor-mobile-position-block-start elementor-widget elementor-widget-icon-box\" data-id=\"7d34a90\" data-element_type=\"widget\" data-e-type=\"widget\" data-widget_type=\"icon-box.default\">\n\t\t\t\t<div class=\"elementor-widget-container\">\n\t\t\t\t\t\t\t<div class=\"elementor-icon-box-wrapper\">\n\n\t\t\t\t\t\t<div class=\"elementor-icon-box-icon\">\n\t\t\t\t<a href=\"mailto:%20splanfica@gmail.com\" class=\"elementor-icon\" tabindex=\"-1\" aria-label=\"splanfica@gmail.com\">\n\t\t\t\t<i aria-hidden=\"true\" class=\"fas fa-envelope\"><\/i>\t\t\t\t<\/a>\n\t\t\t<\/div>\n\t\t\t\n\t\t\t\t\t\t<div class=\"elementor-icon-box-content\">\n\n\t\t\t\t\t\t\t\t\t<h3 class=\"elementor-icon-box-title\">\n\t\t\t\t\t\t<a href=\"mailto:%20splanfica@gmail.com\" >\n\t\t\t\t\t\t\tsplanfica@gmail.com\t\t\t\t\t\t<\/a>\n\t\t\t\t\t<\/h3>\n\t\t\t\t\n\t\t\t\t\n\t\t\t<\/div>\n\t\t\t\n\t\t<\/div>\n\t\t\t\t\t\t<\/div>\n\t\t\t\t<\/div>\n\t\t\t\t\t<\/div>\n\t\t<\/div>\n\t\t\t\t<div class=\"elementor-column elementor-col-33 elementor-inner-column elementor-element elementor-element-574ae7f\" data-id=\"574ae7f\" data-element_type=\"column\" data-e-type=\"column\">\n\t\t\t<div class=\"elementor-widget-wrap elementor-element-populated\">\n\t\t\t\t\t\t<div class=\"elementor-element elementor-element-66a58a1 elementor-position-inline-start elementor-view-default elementor-mobile-position-block-start elementor-widget elementor-widget-icon-box\" data-id=\"66a58a1\" data-element_type=\"widget\" data-e-type=\"widget\" data-widget_type=\"icon-box.default\">\n\t\t\t\t<div class=\"elementor-widget-container\">\n\t\t\t\t\t\t\t<div class=\"elementor-icon-box-wrapper\">\n\n\t\t\t\t\t\t<div class=\"elementor-icon-box-icon\">\n\t\t\t\t<span  class=\"elementor-icon\">\n\t\t\t\t<i aria-hidden=\"true\" class=\"fas fa-phone-alt\"><\/i>\t\t\t\t<\/span>\n\t\t\t<\/div>\n\t\t\t\n\t\t\t\t\t\t<div class=\"elementor-icon-box-content\">\n\n\t\t\t\t\t\t\t\t\t<h3 class=\"elementor-icon-box-title\">\n\t\t\t\t\t\t<span  >\n\t\t\t\t\t\t\t531000 Int. 7348\t\t\t\t\t\t<\/span>\n\t\t\t\t\t<\/h3>\n\t\t\t\t\n\t\t\t\t\n\t\t\t<\/div>\n\t\t\t\n\t\t<\/div>\n\t\t\t\t\t\t<\/div>\n\t\t\t\t<\/div>\n\t\t\t\t\t<\/div>\n\t\t<\/div>\n\t\t\t\t\t<\/div>\n\t\t<\/section>\n\t\t\t\t<section class=\"elementor-section elementor-inner-section elementor-element elementor-element-ef43b4b elementor-section-boxed elementor-section-height-default elementor-section-height-default\" data-id=\"ef43b4b\" data-element_type=\"section\" data-e-type=\"section\">\n\t\t\t\t\t\t<div class=\"elementor-container elementor-column-gap-default\">\n\t\t\t\t\t<div class=\"elementor-column elementor-col-100 elementor-inner-column elementor-element elementor-element-487af72\" data-id=\"487af72\" data-element_type=\"column\" data-e-type=\"column\">\n\t\t\t<div class=\"elementor-widget-wrap elementor-element-populated\">\n\t\t\t\t\t\t<div class=\"elementor-element elementor-element-46705cf elementor-widget elementor-widget-text-editor\" data-id=\"46705cf\" data-element_type=\"widget\" data-e-type=\"widget\" data-widget_type=\"text-editor.default\">\n\t\t\t\t<div class=\"elementor-widget-container\">\n\t\t\t\t\t\t\t\t\t<p style=\"font-weight: 400; text-align: center;\"><strong>Actividades a desarrollar por las Secretar\u00eda de Planeamiento de la FICA<\/strong><\/p><p style=\"font-weight: 400;\">La Secretar\u00eda de Planeamiento tiene como misi\u00f3n principal asistir a la gesti\u00f3n en general y al decano en particular, en todo lo relativo al diagn\u00f3stico, evaluaci\u00f3n, y planificaci\u00f3n\u00a0de la gesti\u00f3n institucional de la Facultad en todas sus dimensiones.<\/p><p style=\"font-weight: 400;\">Dentro de todas las actividades que llevara acabo esta\u00a0Secretar\u00eda, se pueden visualizar, tres \u00e1reas principales de trabajo: acreditaci\u00f3n de carreras, planes de mejoras, y estad\u00edsticas, seguimientos y an\u00e1lisis. Los principales objetivos dentro de cada una de estas \u00e1reas son los siguientes:<\/p><ul><li style=\"font-weight: 400;\"><strong>Acreditaci\u00f3n de las Carreras<\/strong><\/li><\/ul><p style=\"font-weight: 400;\">Atender estrat\u00e9gicamente los procesos de autoevaluaci\u00f3n y la acreditaci\u00f3n de las carreras de la facultad.<\/p><p style=\"font-weight: 400;\">Mantener un cronograma permanente sobre los per\u00edodos de acreditaci\u00f3n y seguimiento de compromisos asumidos para el mejoramiento de las carreras.<\/p><p style=\"font-weight: 400;\">Proporcionar asistencia permanente, durante los procesos de acreditaci\u00f3n, a los departamentos, directores y comisiones de carrera, y comisiones ad-hoc a efectos de incentivar el cumplimiento de las tareas, respetando los plazos y vencimientos.<\/p><ul><li style=\"font-weight: 400;\"><strong>Planes de Mejora<\/strong><\/li><\/ul><p style=\"font-weight: 400;\">Organizar y atender todo lo concerniente a planes de mejoras y programas especiales y su posterior seguimiento que permitan controlar la evoluci\u00f3n de los mismos y sugerir los reajustes necesarios.<\/p><p style=\"font-weight: 400;\">Planificar, gestionar y coordinar programas de financiamiento externo que reciba la facultad y actuar como unidad ejecutora de los mismos.<\/p><p style=\"font-weight: 400;\">Trabajar con las comisiones y directores de los programas, para la elaboraci\u00f3n de proyectos, y monitorear la ejecuci\u00f3n posterior.<\/p><p style=\"font-weight: 400;\">Generar herramientas para la evaluaci\u00f3n del impacto de los planes de mejora que permitan medir los resultados, y el an\u00e1lisis del cumplimiento de los objetivos planteados.<\/p><ul><li style=\"font-weight: 400;\"><strong>Estad\u00edsticas, seguimientos y an\u00e1lisis:<\/strong><\/li><\/ul><p style=\"font-weight: 400;\">Uno de los ejes vertebradores de esta secretar\u00eda es tender al desarrollo \/ implementaci\u00f3n de un sistema de informaci\u00f3n integral que garantice la disponibilidad, integridad, seguridad y calidad de la informaci\u00f3n y colaborar en el an\u00e1lisis de la informaci\u00f3n producida y la consecuente definici\u00f3n de estrategias tendientes al cumplimiento de los objetivos de la gesti\u00f3n institucional.<\/p><p style=\"font-weight: 400;\">En tal sentido, se propone trabajar en un sistema que integre los siguientes \u00edtems, y los que surjan de inter\u00e9s del trabajo conjunto con el resto de las secretar\u00edas y departamentos.<\/p><p style=\"font-weight: 400;\"><strong><em>Alumnos:<\/em><\/strong>\u00a0Obtener y mantener datos actualizados y procurar herramientas estad\u00edsticas para el seguimiento del desempe\u00f1o\u00a0de los estudiantes. Aprobaci\u00f3n, ingreso, permanencia, graduaci\u00f3n, an\u00e1lisis de procedencias de los alumnos, \u00edndices de regularidad y aprobaci\u00f3n por carrera y por materias, relaci\u00f3n docentes\/alumnos, tendencia de las carreras, etc<\/p><p style=\"font-weight: 400;\"><strong><em>Planta docente:<\/em>\u00a0<\/strong>Lograr el conocimiento actualizado y permanente de la planta docente: tipo, car\u00e1cter y dedicaci\u00f3n de los cargos. Cantidad, y dedicaciones por \u00e1rea \/ departamento.<\/p><p style=\"font-weight: 400;\">Conocer la evoluci\u00f3n de la planta docente en los \u00faltimos a\u00f1os. Cantidad de docentes \/ asignaturas \/ carreras, por \u00e1rea \/ departamento. Formaci\u00f3n de posgrado del cuerpo docente: cursos, carreras, trayectos, etc.<\/p><p style=\"font-weight: 400;\">Generar las herramientas para conocer en forma permanente la participaci\u00f3n en investigaci\u00f3n \/ extensi\u00f3n, de los docentes: publicaciones, revistas, libros, cap\u00edtulos de libros, t\u00edtulos de propiedad intelectual e industrial, trabajos in\u00e9ditos, servicios a la comunidad, etc<\/p><p style=\"font-weight: 400;\"><strong><em>Planta personal de apoyo a la docencia<\/em>:\u00a0<\/strong>Lograr el conocimiento actualizado y permanente de la planta del personal de apoyo a la docencia (No Docentes) efectivos y contratados: categor\u00edas, funciones y dependencias, antig\u00fcedad en el cargo, formaci\u00f3n del personal, etc.<\/p><p style=\"font-weight: 400;\"><strong><em>Infraestructura:\u00a0<\/em><\/strong>Desde este punto de vista de la infraestructura, podemos realizar una divisi\u00f3n de la informaci\u00f3n en las siguientes categor\u00edas:<\/p><p style=\"font-weight: 400;\"><strong>Biblioteca:<\/strong>\u00a0contar con datos actualizados del stock de libros por carrera\/asignaturas, historial y estad\u00edsticas de compras. Licitaciones: libros pedidos \/ libros adjudicados. Planificar las estrategias necesarias para incrementar el material bibliogr\u00e1fico existente.<\/p><p style=\"font-weight: 400;\"><strong>Laboratorios,\u00a0 talleres y gabinetes inform\u00e1ticos:<\/strong>\u00a0Instrumentar los mecanismos para generar una base de datos de instrumental, equipamiento y herramientas. A\u00f1o\/fecha de fabricaci\u00f3n \/ adquisici\u00f3n. Necesidades y usos. Personal t\u00e9cnico afectado, personal de mantenimiento, materias y carreras que lo utilizan, etc.<\/p><p style=\"font-weight: 400;\"><strong>Edilicio:<\/strong>\u00a0Mantener la planimetr\u00eda actualizada, con datos de tipos de espacios, superficies, condiciones de ambientaci\u00f3n, fecha de construcci\u00f3n, estado, capacidad m\u00e1xima de alumnos, carreras que lo utilizan, etc. Estad\u00edsticas e historial de mantenimiento de las instalaciones, que permitan planificar mantenimiento preventivo, predictivo y correctivo en equipamiento e instalaciones.<\/p><p style=\"font-weight: 400;\"><strong><em>OBJETIVOS SECUNDARIOS<\/em><\/strong><\/p><p style=\"font-weight: 400;\">Adem\u00e1s de las tres \u00e1reas principales de trabajo, esta secretar\u00eda impulsar\u00e1 el trabajo conjunto con otras secretar\u00edas y dependencias de la nueva Facultad de forma tal de:<\/p><p style=\"font-weight: 400;\">Planificar, junto con las secretar\u00edas pertinentes, la revisi\u00f3n y reestructuraci\u00f3n de los procedimientos administrativos, haciendo uso de los sistemas de informaci\u00f3n, y herramientas inform\u00e1ticas necesarias para mejorar la eficiencia administrativa con acciones concretas tendientes a facilitar los tr\u00e1mites rutinarios, y la desburocratizaci\u00f3n de los procedimientos.<\/p><p style=\"font-weight: 400;\">Asesorar al decano, incentivar, planificar, coordinar y supervisar la implementaci\u00f3n de proyectos dirigidos a impulsar procesos de modernizaci\u00f3n y de calidad de gesti\u00f3n, mediante la aplicaci\u00f3n de nuevos modelos de gesti\u00f3n interna, y de tecnolog\u00edas de la informaci\u00f3n y comunicaci\u00f3n.<\/p><p style=\"font-weight: 400;\">Dise\u00f1ar, implementar y monitorear las pol\u00edticas y normativas de modernizaci\u00f3n dentro del \u00e1mbito de la facultad mediante la gesti\u00f3n, integraci\u00f3n y coordinaci\u00f3n del uso de las tecnolog\u00edas de gesti\u00f3n, de la informaci\u00f3n y de la comunicaci\u00f3n.<\/p>\t\t\t\t\t\t\t\t<\/div>\n\t\t\t\t<\/div>\n\t\t\t\t\t<\/div>\n\t\t<\/div>\n\t\t\t\t\t<\/div>\n\t\t<\/section>\n\t\t\t\t\t<\/div>\n\t\t<\/div>\n\t\t\t\t\t<\/div>\n\t\t<\/section>\n\t\t\t\t<section class=\"elementor-section elementor-top-section elementor-element elementor-element-f88221e elementor-section-boxed elementor-section-height-default elementor-section-height-default\" data-id=\"f88221e\" data-element_type=\"section\" data-e-type=\"section\">\n\t\t\t\t\t\t<div class=\"elementor-container elementor-column-gap-default\">\n\t\t\t\t\t<div class=\"elementor-column elementor-col-100 elementor-top-column elementor-element elementor-element-767a645\" data-id=\"767a645\" data-element_type=\"column\" data-e-type=\"column\">\n\t\t\t<div class=\"elementor-widget-wrap elementor-element-populated\">\n\t\t\t\t\t\t<div class=\"elementor-element elementor-element-2e4fcd4 elementor-widget elementor-widget-spacer\" data-id=\"2e4fcd4\" data-element_type=\"widget\" data-e-type=\"widget\" data-widget_type=\"spacer.default\">\n\t\t\t\t<div class=\"elementor-widget-container\">\n\t\t\t\t\t\t\t<div class=\"elementor-spacer\">\n\t\t\t<div class=\"elementor-spacer-inner\"><\/div>\n\t\t<\/div>\n\t\t\t\t\t\t<\/div>\n\t\t\t\t<\/div>\n\t\t\t\t\t<\/div>\n\t\t<\/div>\n\t\t\t\t\t<\/div>\n\t\t<\/section>\n\t\t\t\t<\/div>\n\t\t","protected":false},"excerpt":{"rendered":"<p>Secretar\u00eda de Planeamiento Secretario de Planeamiento Ing. Javier Alejandro Carletto splanfica@gmail.com 531000 Int. 7348 Actividades a desarrollar por las Secretar\u00eda de Planeamiento de la FICA&hellip;<\/p>\n","protected":false},"author":4,"featured_media":0,"parent":0,"menu_order":0,"comment_status":"closed","ping_status":"closed","template":"elementor_header_footer","meta":{"_monsterinsights_skip_tracking":false,"_monsterinsights_sitenote_active":false,"_monsterinsights_sitenote_note":"","_monsterinsights_sitenote_category":0,"footnotes":""},"class_list":["post-289","page","type-page","status-publish","hentry"],"yoast_head":"<!-- This site is optimized with the Yoast SEO plugin v27.0 - https:\/\/yoast.com\/product\/yoast-seo-wordpress\/ -->\n<title>La Secretar\u00eda - SP<\/title>\n<meta name=\"robots\" content=\"index, follow, max-snippet:-1, max-image-preview:large, max-video-preview:-1\" \/>\n<link rel=\"canonical\" href=\"https:\/\/sp.fica.unsl.edu.ar\/index.php\/la-secretaria\/\" \/>\n<meta property=\"og:locale\" content=\"es_ES\" \/>\n<meta property=\"og:type\" content=\"article\" \/>\n<meta property=\"og:title\" content=\"La Secretar\u00eda - SP\" \/>\n<meta property=\"og:description\" content=\"Secretar\u00eda de Planeamiento Secretario de Planeamiento Ing. Javier Alejandro Carletto splanfica@gmail.com 531000 Int. 7348 Actividades a desarrollar por las Secretar\u00eda de Planeamiento de la FICA&hellip;\" \/>\n<meta property=\"og:url\" content=\"https:\/\/sp.fica.unsl.edu.ar\/index.php\/la-secretaria\/\" \/>\n<meta property=\"og:site_name\" content=\"SP\" \/>\n<meta property=\"article:modified_time\" content=\"2022-07-05T12:45:23+00:00\" \/>\n<meta name=\"twitter:card\" content=\"summary_large_image\" \/>\n<meta name=\"twitter:label1\" content=\"Tiempo de lectura\" \/>\n\t<meta name=\"twitter:data1\" content=\"4 minutos\" \/>\n<script type=\"application\/ld+json\" class=\"yoast-schema-graph\">{\"@context\":\"https:\/\/schema.org\",\"@graph\":[{\"@type\":\"WebPage\",\"@id\":\"https:\/\/sp.fica.unsl.edu.ar\/index.php\/la-secretaria\/\",\"url\":\"https:\/\/sp.fica.unsl.edu.ar\/index.php\/la-secretaria\/\",\"name\":\"La Secretar\u00eda - SP\",\"isPartOf\":{\"@id\":\"https:\/\/sp.fica.unsl.edu.ar\/#website\"},\"datePublished\":\"2022-02-08T15:13:52+00:00\",\"dateModified\":\"2022-07-05T12:45:23+00:00\",\"breadcrumb\":{\"@id\":\"https:\/\/sp.fica.unsl.edu.ar\/index.php\/la-secretaria\/#breadcrumb\"},\"inLanguage\":\"es-AR\",\"potentialAction\":[{\"@type\":\"ReadAction\",\"target\":[\"https:\/\/sp.fica.unsl.edu.ar\/index.php\/la-secretaria\/\"]}]},{\"@type\":\"BreadcrumbList\",\"@id\":\"https:\/\/sp.fica.unsl.edu.ar\/index.php\/la-secretaria\/#breadcrumb\",\"itemListElement\":[{\"@type\":\"ListItem\",\"position\":1,\"name\":\"Inicio\",\"item\":\"https:\/\/sp.fica.unsl.edu.ar\/\"},{\"@type\":\"ListItem\",\"position\":2,\"name\":\"La Secretar\u00eda\"}]},{\"@type\":\"WebSite\",\"@id\":\"https:\/\/sp.fica.unsl.edu.ar\/#website\",\"url\":\"https:\/\/sp.fica.unsl.edu.ar\/\",\"name\":\"SP\",\"description\":\"Secretar\u00eda de Planeamiento\",\"publisher\":{\"@id\":\"https:\/\/sp.fica.unsl.edu.ar\/#organization\"},\"potentialAction\":[{\"@type\":\"SearchAction\",\"target\":{\"@type\":\"EntryPoint\",\"urlTemplate\":\"https:\/\/sp.fica.unsl.edu.ar\/?s={search_term_string}\"},\"query-input\":{\"@type\":\"PropertyValueSpecification\",\"valueRequired\":true,\"valueName\":\"search_term_string\"}}],\"inLanguage\":\"es-AR\"},{\"@type\":\"Organization\",\"@id\":\"https:\/\/sp.fica.unsl.edu.ar\/#organization\",\"name\":\"Secretar\u00eda de Planeamiento - Facultad de Ingenier\u00eda y Ciencias Agropecuarias\",\"url\":\"https:\/\/sp.fica.unsl.edu.ar\/\",\"logo\":{\"@type\":\"ImageObject\",\"inLanguage\":\"es-AR\",\"@id\":\"https:\/\/sp.fica.unsl.edu.ar\/#\/schema\/logo\/image\/\",\"url\":\"https:\/\/sp.fica.unsl.edu.ar\/wp-content\/uploads\/2022\/02\/logo-SP.png\",\"contentUrl\":\"https:\/\/sp.fica.unsl.edu.ar\/wp-content\/uploads\/2022\/02\/logo-SP.png\",\"width\":4483,\"height\":1231,\"caption\":\"Secretar\u00eda de Planeamiento - Facultad de Ingenier\u00eda y Ciencias Agropecuarias\"},\"image\":{\"@id\":\"https:\/\/sp.fica.unsl.edu.ar\/#\/schema\/logo\/image\/\"}}]}<\/script>\n<!-- \/ Yoast SEO plugin. -->","yoast_head_json":{"title":"La Secretar\u00eda - SP","robots":{"index":"index","follow":"follow","max-snippet":"max-snippet:-1","max-image-preview":"max-image-preview:large","max-video-preview":"max-video-preview:-1"},"canonical":"https:\/\/sp.fica.unsl.edu.ar\/index.php\/la-secretaria\/","og_locale":"es_ES","og_type":"article","og_title":"La Secretar\u00eda - SP","og_description":"Secretar\u00eda de Planeamiento Secretario de Planeamiento Ing. Javier Alejandro Carletto splanfica@gmail.com 531000 Int. 7348 Actividades a desarrollar por las Secretar\u00eda de Planeamiento de la FICA&hellip;","og_url":"https:\/\/sp.fica.unsl.edu.ar\/index.php\/la-secretaria\/","og_site_name":"SP","article_modified_time":"2022-07-05T12:45:23+00:00","twitter_card":"summary_large_image","twitter_misc":{"Tiempo de lectura":"4 minutos"},"schema":{"@context":"https:\/\/schema.org","@graph":[{"@type":"WebPage","@id":"https:\/\/sp.fica.unsl.edu.ar\/index.php\/la-secretaria\/","url":"https:\/\/sp.fica.unsl.edu.ar\/index.php\/la-secretaria\/","name":"La Secretar\u00eda - SP","isPartOf":{"@id":"https:\/\/sp.fica.unsl.edu.ar\/#website"},"datePublished":"2022-02-08T15:13:52+00:00","dateModified":"2022-07-05T12:45:23+00:00","breadcrumb":{"@id":"https:\/\/sp.fica.unsl.edu.ar\/index.php\/la-secretaria\/#breadcrumb"},"inLanguage":"es-AR","potentialAction":[{"@type":"ReadAction","target":["https:\/\/sp.fica.unsl.edu.ar\/index.php\/la-secretaria\/"]}]},{"@type":"BreadcrumbList","@id":"https:\/\/sp.fica.unsl.edu.ar\/index.php\/la-secretaria\/#breadcrumb","itemListElement":[{"@type":"ListItem","position":1,"name":"Inicio","item":"https:\/\/sp.fica.unsl.edu.ar\/"},{"@type":"ListItem","position":2,"name":"La Secretar\u00eda"}]},{"@type":"WebSite","@id":"https:\/\/sp.fica.unsl.edu.ar\/#website","url":"https:\/\/sp.fica.unsl.edu.ar\/","name":"SP","description":"Secretar\u00eda de Planeamiento","publisher":{"@id":"https:\/\/sp.fica.unsl.edu.ar\/#organization"},"potentialAction":[{"@type":"SearchAction","target":{"@type":"EntryPoint","urlTemplate":"https:\/\/sp.fica.unsl.edu.ar\/?s={search_term_string}"},"query-input":{"@type":"PropertyValueSpecification","valueRequired":true,"valueName":"search_term_string"}}],"inLanguage":"es-AR"},{"@type":"Organization","@id":"https:\/\/sp.fica.unsl.edu.ar\/#organization","name":"Secretar\u00eda de Planeamiento - Facultad de Ingenier\u00eda y Ciencias Agropecuarias","url":"https:\/\/sp.fica.unsl.edu.ar\/","logo":{"@type":"ImageObject","inLanguage":"es-AR","@id":"https:\/\/sp.fica.unsl.edu.ar\/#\/schema\/logo\/image\/","url":"https:\/\/sp.fica.unsl.edu.ar\/wp-content\/uploads\/2022\/02\/logo-SP.png","contentUrl":"https:\/\/sp.fica.unsl.edu.ar\/wp-content\/uploads\/2022\/02\/logo-SP.png","width":4483,"height":1231,"caption":"Secretar\u00eda de Planeamiento - Facultad de Ingenier\u00eda y Ciencias Agropecuarias"},"image":{"@id":"https:\/\/sp.fica.unsl.edu.ar\/#\/schema\/logo\/image\/"}}]}},"_links":{"self":[{"href":"https:\/\/sp.fica.unsl.edu.ar\/index.php\/wp-json\/wp\/v2\/pages\/289","targetHints":{"allow":["GET"]}}],"collection":[{"href":"https:\/\/sp.fica.unsl.edu.ar\/index.php\/wp-json\/wp\/v2\/pages"}],"about":[{"href":"https:\/\/sp.fica.unsl.edu.ar\/index.php\/wp-json\/wp\/v2\/types\/page"}],"author":[{"embeddable":true,"href":"https:\/\/sp.fica.unsl.edu.ar\/index.php\/wp-json\/wp\/v2\/users\/4"}],"replies":[{"embeddable":true,"href":"https:\/\/sp.fica.unsl.edu.ar\/index.php\/wp-json\/wp\/v2\/comments?post=289"}],"version-history":[{"count":13,"href":"https:\/\/sp.fica.unsl.edu.ar\/index.php\/wp-json\/wp\/v2\/pages\/289\/revisions"}],"predecessor-version":[{"id":1085,"href":"https:\/\/sp.fica.unsl.edu.ar\/index.php\/wp-json\/wp\/v2\/pages\/289\/revisions\/1085"}],"wp:attachment":[{"href":"https:\/\/sp.fica.unsl.edu.ar\/index.php\/wp-json\/wp\/v2\/media?parent=289"}],"curies":[{"name":"wp","href":"https:\/\/api.w.org\/{rel}","templated":true}]}}