{"id":682,"date":"2022-03-15T11:33:11","date_gmt":"2022-03-15T14:33:11","guid":{"rendered":"http:\/\/10.101.10.196\/sp\/?page_id=682"},"modified":"2025-09-08T20:41:06","modified_gmt":"2025-09-08T23:41:06","slug":"laboratorios","status":"publish","type":"page","link":"https:\/\/sp.fica.unsl.edu.ar\/index.php\/laboratorios\/","title":{"rendered":"Laboratorios, Talleres y Gabinetes Inform\u00e1ticos"},"content":{"rendered":"\t\t<div data-elementor-type=\"wp-page\" data-elementor-id=\"682\" class=\"elementor elementor-682\">\n\t\t\t\t\t\t<section class=\"elementor-section elementor-top-section elementor-element elementor-element-84a9c9b elementor-section-full_width elementor-section-height-default elementor-section-height-default\" data-id=\"84a9c9b\" data-element_type=\"section\" data-e-type=\"section\">\n\t\t\t\t\t\t<div class=\"elementor-container elementor-column-gap-default\">\n\t\t\t\t\t<div class=\"elementor-column elementor-col-100 elementor-top-column elementor-element elementor-element-aa38a47\" data-id=\"aa38a47\" data-element_type=\"column\" data-e-type=\"column\">\n\t\t\t<div class=\"elementor-widget-wrap elementor-element-populated\">\n\t\t\t\t\t\t<div class=\"elementor-element elementor-element-c86723c elementor-widget elementor-widget-button\" data-id=\"c86723c\" data-element_type=\"widget\" data-e-type=\"widget\" data-widget_type=\"button.default\">\n\t\t\t\t<div class=\"elementor-widget-container\">\n\t\t\t\t\t\t\t\t\t<div class=\"elementor-button-wrapper\">\n\t\t\t\t\t<a class=\"elementor-button elementor-button-link elementor-size-sm\" href=\"#\">\n\t\t\t\t\t\t<span class=\"elementor-button-content-wrapper\">\n\t\t\t\t\t\t\t\t\t<span class=\"elementor-button-text\">INFORMACI\u00d3N SOBRE \u00c1MBITOS DE PR\u00c1CTICAS LABORATORIOS, TALLERES Y GABINETES INFORM\u00c1TICOS<\/span>\n\t\t\t\t\t<\/span>\n\t\t\t\t\t<\/a>\n\t\t\t\t<\/div>\n\t\t\t\t\t\t\t\t<\/div>\n\t\t\t\t<\/div>\n\t\t\t\t<div class=\"elementor-element elementor-element-b4483ba elementor-widget elementor-widget-shortcode\" data-id=\"b4483ba\" data-element_type=\"widget\" data-e-type=\"widget\" data-widget_type=\"shortcode.default\">\n\t\t\t\t<div class=\"elementor-widget-container\">\n\t\t\t\t\t\t\t<div class=\"elementor-shortcode\"><style>\n       .errordiv { padding:10px; margin:10px; border: 1px solid #555555;color: #000000;background-color: #f8f8f8; width:500px; }#advanced_iframe {visibility:visible;opacity:1;vertical-align:top;}.ai-info-bottom-iframe { position: fixed; z-index: 10000; bottom:0; left: 0; margin: 0px; text-align: center; width: 100%; background-color: #ff9999; padding-left: 5px;padding-bottom: 5px; border-top: 1px solid #aaa } a.ai-bold {font-weight: bold;}#ai-layer-div-advanced_iframe p {height:100%;margin:0;padding:0}<\/style><script type=\"text\/javascript\">var ai_iframe_width_advanced_iframe = 0;var ai_iframe_height_advanced_iframe = 0;function aiReceiveMessageadvanced_iframe(event) {  aiProcessMessage(event,\"advanced_iframe\", \"true\");}if (window.addEventListener) {  window.addEventListener(\"message\", aiReceiveMessageadvanced_iframe);} else if (el.attachEvent)  {  el.attachEvent(\"message\", aiReceiveMessageadvanced_iframe);}var aiOnloadScrollTop=\"true\";var aiShowDebug=false;\n\t\tif (typeof aiReadyCallbacks === 'undefined') {\n\t\t\tvar aiReadyCallbacks = [];\n\t\t} else if (!(aiReadyCallbacks instanceof Array)) {\n\t\t\tvar aiReadyCallbacks = [];\n\t\t}    function aiShowIframeId(id_iframe) { jQuery(\"#\"+id_iframe).css(\"visibility\", \"visible\");    }    function aiResizeIframeHeight(height) { aiResizeIframeHeight(height,advanced_iframe); }    function aiResizeIframeHeightId(height,width,id) {aiResizeIframeHeightById(id,height);}<\/script><iframe id=\"advanced_iframe\"  name=\"advanced_iframe\"  src=\"https:\/\/sistemas.fica.unsl.edu.ar\/wp_SP_laboratorios.php\"  width=\"100%\"  height=\"1000\"  frameborder=\"0\"  border=\"0\"  allowtransparency=\"true\"  loading=\"lazy\"  style=\";border-width: 0px;;border: none;;width:100%;height:1000px;\" ><\/iframe><script type=\"text\/javascript\">var ifrm_advanced_iframe = document.getElementById(\"advanced_iframe\");var hiddenTabsDoneadvanced_iframe = false;\nfunction resizeCallbackadvanced_iframe() {}<\/script><script type=\"text\/javascript\"><\/script><p style=\"display:block !important; visibility:visible !important;margin: -18px 14px 0 0;padding-left: 3px;padding-top:3px;background: white; overflow: hidden; position: relative; line-height:15px;width: fit-content;\"><small style=\"display:block !important;visibility:visible !important\">powered by Advanced iFrame<\/small><\/p><\/div>\n\t\t\t\t\t\t<\/div>\n\t\t\t\t<\/div>\n\t\t\t\t\t<\/div>\n\t\t<\/div>\n\t\t\t\t\t<\/div>\n\t\t<\/section>\n\t\t\t\t<section class=\"elementor-section elementor-top-section elementor-element elementor-element-4e28b23 elementor-section-full_width elementor-section-height-default elementor-section-height-default\" data-id=\"4e28b23\" data-element_type=\"section\" data-e-type=\"section\">\n\t\t\t\t\t\t<div class=\"elementor-container elementor-column-gap-default\">\n\t\t\t\t\t<div class=\"elementor-column elementor-col-100 elementor-top-column elementor-element elementor-element-c01ee73\" data-id=\"c01ee73\" data-element_type=\"column\" data-e-type=\"column\">\n\t\t\t<div class=\"elementor-widget-wrap elementor-element-populated\">\n\t\t\t\t\t\t<section class=\"elementor-section elementor-inner-section elementor-element elementor-element-0af1701 elementor-section-full_width elementor-section-height-default elementor-section-height-default\" data-id=\"0af1701\" data-element_type=\"section\" data-e-type=\"section\">\n\t\t\t\t\t\t<div class=\"elementor-container elementor-column-gap-default\">\n\t\t\t\t\t<div class=\"elementor-column elementor-col-50 elementor-inner-column elementor-element elementor-element-3b1fbe9\" data-id=\"3b1fbe9\" data-element_type=\"column\" data-e-type=\"column\">\n\t\t\t<div class=\"elementor-widget-wrap elementor-element-populated\">\n\t\t\t\t\t\t<div class=\"elementor-element elementor-element-1ab80ee elementor-widget elementor-widget-image\" data-id=\"1ab80ee\" data-element_type=\"widget\" data-e-type=\"widget\" data-widget_type=\"image.default\">\n\t\t\t\t<div class=\"elementor-widget-container\">\n\t\t\t\t\t\t\t\t\t\t\t\t\t\t\t<img fetchpriority=\"high\" decoding=\"async\" width=\"512\" height=\"512\" src=\"https:\/\/sp.fica.unsl.edu.ar\/wp-content\/uploads\/2024\/04\/worker.png\" class=\"attachment-large size-large wp-image-1388\" alt=\"\" srcset=\"https:\/\/sp.fica.unsl.edu.ar\/wp-content\/uploads\/2024\/04\/worker.png 512w, https:\/\/sp.fica.unsl.edu.ar\/wp-content\/uploads\/2024\/04\/worker-300x300.png 300w, https:\/\/sp.fica.unsl.edu.ar\/wp-content\/uploads\/2024\/04\/worker-150x150.png 150w\" sizes=\"(max-width: 512px) 100vw, 512px\" \/>\t\t\t\t\t\t\t\t\t\t\t\t\t\t\t<\/div>\n\t\t\t\t<\/div>\n\t\t\t\t\t<\/div>\n\t\t<\/div>\n\t\t\t\t<div class=\"elementor-column elementor-col-50 elementor-inner-column elementor-element elementor-element-7d09ac9\" data-id=\"7d09ac9\" data-element_type=\"column\" data-e-type=\"column\">\n\t\t\t<div class=\"elementor-widget-wrap elementor-element-populated\">\n\t\t\t\t\t\t<div class=\"elementor-element elementor-element-2047ff0 elementor-widget elementor-widget-heading\" data-id=\"2047ff0\" data-element_type=\"widget\" data-e-type=\"widget\" data-widget_type=\"heading.default\">\n\t\t\t\t<div class=\"elementor-widget-container\">\n\t\t\t\t\t<h2 class=\"elementor-heading-title elementor-size-default\">Departamento de Higiene y Seguridad en el trabajo <br>y Medio Ambiente UNSL<\/h2>\t\t\t\t<\/div>\n\t\t\t\t<\/div>\n\t\t\t\t\t<\/div>\n\t\t<\/div>\n\t\t\t\t\t<\/div>\n\t\t<\/section>\n\t\t\t\t<section class=\"elementor-section elementor-inner-section elementor-element elementor-element-d566f64 elementor-section-boxed elementor-section-height-default elementor-section-height-default\" data-id=\"d566f64\" data-element_type=\"section\" data-e-type=\"section\">\n\t\t\t\t\t\t<div class=\"elementor-container elementor-column-gap-default\">\n\t\t\t\t\t<div class=\"elementor-column elementor-col-33 elementor-inner-column elementor-element elementor-element-4a21224\" data-id=\"4a21224\" data-element_type=\"column\" data-e-type=\"column\">\n\t\t\t<div class=\"elementor-widget-wrap elementor-element-populated\">\n\t\t\t\t\t\t<div class=\"elementor-element elementor-element-ae4dab1 elementor-widget elementor-widget-video\" data-id=\"ae4dab1\" data-element_type=\"widget\" data-e-type=\"widget\" data-settings=\"{&quot;youtube_url&quot;:&quot;https:\\\/\\\/www.youtube.com\\\/watch?v=-n97uIfxMNc&quot;,&quot;video_type&quot;:&quot;youtube&quot;,&quot;controls&quot;:&quot;yes&quot;}\" data-widget_type=\"video.default\">\n\t\t\t\t<div class=\"elementor-widget-container\">\n\t\t\t\t\t\t\t<div class=\"elementor-wrapper elementor-open-inline\">\n\t\t\t<div class=\"elementor-video\"><\/div>\t\t<\/div>\n\t\t\t\t\t\t<\/div>\n\t\t\t\t<\/div>\n\t\t\t\t\t<\/div>\n\t\t<\/div>\n\t\t\t\t<div class=\"elementor-column elementor-col-33 elementor-inner-column elementor-element elementor-element-85e9516\" data-id=\"85e9516\" data-element_type=\"column\" data-e-type=\"column\">\n\t\t\t<div class=\"elementor-widget-wrap elementor-element-populated\">\n\t\t\t\t\t\t<div class=\"elementor-element elementor-element-c318f99 elementor-widget elementor-widget-video\" data-id=\"c318f99\" data-element_type=\"widget\" data-e-type=\"widget\" data-settings=\"{&quot;youtube_url&quot;:&quot;https:\\\/\\\/www.youtube.com\\\/watch?v=sn2mPQ6Cdas&quot;,&quot;video_type&quot;:&quot;youtube&quot;,&quot;controls&quot;:&quot;yes&quot;}\" data-widget_type=\"video.default\">\n\t\t\t\t<div class=\"elementor-widget-container\">\n\t\t\t\t\t\t\t<div class=\"elementor-wrapper elementor-open-inline\">\n\t\t\t<div class=\"elementor-video\"><\/div>\t\t<\/div>\n\t\t\t\t\t\t<\/div>\n\t\t\t\t<\/div>\n\t\t\t\t\t<\/div>\n\t\t<\/div>\n\t\t\t\t<div class=\"elementor-column elementor-col-33 elementor-inner-column elementor-element elementor-element-6b22c5e\" data-id=\"6b22c5e\" data-element_type=\"column\" data-e-type=\"column\">\n\t\t\t<div class=\"elementor-widget-wrap elementor-element-populated\">\n\t\t\t\t\t\t<div class=\"elementor-element elementor-element-74cae28 elementor-widget elementor-widget-video\" data-id=\"74cae28\" data-element_type=\"widget\" data-e-type=\"widget\" data-settings=\"{&quot;youtube_url&quot;:&quot;https:\\\/\\\/www.youtube.com\\\/watch?v=sH5F0WD5nIg&quot;,&quot;video_type&quot;:&quot;youtube&quot;,&quot;controls&quot;:&quot;yes&quot;}\" data-widget_type=\"video.default\">\n\t\t\t\t<div class=\"elementor-widget-container\">\n\t\t\t\t\t\t\t<div class=\"elementor-wrapper elementor-open-inline\">\n\t\t\t<div class=\"elementor-video\"><\/div>\t\t<\/div>\n\t\t\t\t\t\t<\/div>\n\t\t\t\t<\/div>\n\t\t\t\t\t<\/div>\n\t\t<\/div>\n\t\t\t\t\t<\/div>\n\t\t<\/section>\n\t\t\t\t<section class=\"elementor-section elementor-inner-section elementor-element elementor-element-0b47d0c elementor-section-boxed elementor-section-height-default elementor-section-height-default\" data-id=\"0b47d0c\" data-element_type=\"section\" data-e-type=\"section\">\n\t\t\t\t\t\t<div class=\"elementor-container elementor-column-gap-default\">\n\t\t\t\t\t<div class=\"elementor-column elementor-col-33 elementor-inner-column elementor-element elementor-element-9a56db5\" data-id=\"9a56db5\" data-element_type=\"column\" data-e-type=\"column\">\n\t\t\t<div class=\"elementor-widget-wrap elementor-element-populated\">\n\t\t\t\t\t\t<div class=\"elementor-element elementor-element-5dc9406 elementor-widget elementor-widget-video\" data-id=\"5dc9406\" data-element_type=\"widget\" data-e-type=\"widget\" data-settings=\"{&quot;youtube_url&quot;:&quot;https:\\\/\\\/www.youtube.com\\\/watch?v=pVMqlvHkF_8&quot;,&quot;video_type&quot;:&quot;youtube&quot;,&quot;controls&quot;:&quot;yes&quot;}\" data-widget_type=\"video.default\">\n\t\t\t\t<div class=\"elementor-widget-container\">\n\t\t\t\t\t\t\t<div class=\"elementor-wrapper elementor-open-inline\">\n\t\t\t<div class=\"elementor-video\"><\/div>\t\t<\/div>\n\t\t\t\t\t\t<\/div>\n\t\t\t\t<\/div>\n\t\t\t\t\t<\/div>\n\t\t<\/div>\n\t\t\t\t<div class=\"elementor-column elementor-col-33 elementor-inner-column elementor-element elementor-element-92a4a15\" data-id=\"92a4a15\" data-element_type=\"column\" data-e-type=\"column\">\n\t\t\t<div class=\"elementor-widget-wrap elementor-element-populated\">\n\t\t\t\t\t\t<div class=\"elementor-element elementor-element-d106603 elementor-widget elementor-widget-video\" data-id=\"d106603\" data-element_type=\"widget\" data-e-type=\"widget\" data-settings=\"{&quot;youtube_url&quot;:&quot;https:\\\/\\\/www.youtube.com\\\/watch?v=3JpiD0paA2U&quot;,&quot;video_type&quot;:&quot;youtube&quot;,&quot;controls&quot;:&quot;yes&quot;}\" data-widget_type=\"video.default\">\n\t\t\t\t<div class=\"elementor-widget-container\">\n\t\t\t\t\t\t\t<div class=\"elementor-wrapper elementor-open-inline\">\n\t\t\t<div class=\"elementor-video\"><\/div>\t\t<\/div>\n\t\t\t\t\t\t<\/div>\n\t\t\t\t<\/div>\n\t\t\t\t\t<\/div>\n\t\t<\/div>\n\t\t\t\t<div class=\"elementor-column elementor-col-33 elementor-inner-column elementor-element elementor-element-9fa9c05\" data-id=\"9fa9c05\" data-element_type=\"column\" data-e-type=\"column\">\n\t\t\t<div class=\"elementor-widget-wrap elementor-element-populated\">\n\t\t\t\t\t\t<div class=\"elementor-element elementor-element-13b3e0e elementor-widget elementor-widget-video\" data-id=\"13b3e0e\" data-element_type=\"widget\" data-e-type=\"widget\" data-settings=\"{&quot;video_type&quot;:&quot;hosted&quot;,&quot;controls&quot;:&quot;yes&quot;}\" data-widget_type=\"video.default\">\n\t\t\t\t<div class=\"elementor-widget-container\">\n\t\t\t\t\t\t\t<div class=\"e-hosted-video elementor-wrapper elementor-open-inline\">\n\t\t\t\t\t<video class=\"elementor-video\" src=\"https:\/\/sp.fica.unsl.edu.ar\/wp-content\/uploads\/2025\/09\/Video_Seguridad_Lab_Electronica.mp4\" controls=\"\" preload=\"metadata\" controlsList=\"nodownload\" poster=\"https:\/\/sp.fica.unsl.edu.ar\/wp-content\/uploads\/2025\/09\/Lab_Electronica.png\"><\/video>\n\t\t\t\t<\/div>\n\t\t\t\t\t\t<\/div>\n\t\t\t\t<\/div>\n\t\t\t\t\t<\/div>\n\t\t<\/div>\n\t\t\t\t\t<\/div>\n\t\t<\/section>\n\t\t\t\t\t<\/div>\n\t\t<\/div>\n\t\t\t\t\t<\/div>\n\t\t<\/section>\n\t\t\t\t<\/div>\n\t\t","protected":false},"excerpt":{"rendered":"<p>INFORMACI\u00d3N SOBRE \u00c1MBITOS DE PR\u00c1CTICAS LABORATORIOS, TALLERES Y GABINETES INFORM\u00c1TICOS Departamento de Higiene y Seguridad en el trabajo y Medio Ambiente UNSL https:\/\/www.youtube.com\/watch?v=-n97uIfxMNchttps%3A%2F%2Fwww.youtube.com%2Fwatch%3Fv%3Dsn2mPQ6Cdashttps%3A%2F%2Fwww.youtube.com%2Fwatch%3Fv%3DsH5F0WD5nIghttps%3A%2F%2Fwww.youtube.com%2Fwatch%3Fv%3DpVMqlvHkF_8https%3A%2F%2Fwww.youtube.com%2Fwatch%3Fv%3D3JpiD0paA2Uhttps%3A%2F%2Fsp.fica.unsl.edu.ar%2Fwp-content%2Fuploads%2F2025%2F09%2FVideo_Seguridad_Lab_Electronica.mp4<\/p>\n","protected":false},"author":4,"featured_media":0,"parent":0,"menu_order":0,"comment_status":"closed","ping_status":"closed","template":"","meta":{"_monsterinsights_skip_tracking":false,"_monsterinsights_sitenote_active":false,"_monsterinsights_sitenote_note":"","_monsterinsights_sitenote_category":0,"footnotes":""},"class_list":["post-682","page","type-page","status-publish","hentry"],"yoast_head":"<!-- This site is optimized with the Yoast SEO plugin v27.0 - https:\/\/yoast.com\/product\/yoast-seo-wordpress\/ -->\n<title>Laboratorios, Talleres y Gabinetes Inform\u00e1ticos - SP<\/title>\n<meta name=\"robots\" content=\"index, follow, max-snippet:-1, max-image-preview:large, max-video-preview:-1\" \/>\n<link rel=\"canonical\" href=\"https:\/\/sp.fica.unsl.edu.ar\/index.php\/laboratorios\/\" \/>\n<meta property=\"og:locale\" content=\"es_ES\" \/>\n<meta property=\"og:type\" content=\"article\" \/>\n<meta property=\"og:title\" content=\"Laboratorios, Talleres y Gabinetes Inform\u00e1ticos - SP\" \/>\n<meta property=\"og:description\" content=\"INFORMACI\u00d3N SOBRE \u00c1MBITOS DE PR\u00c1CTICAS LABORATORIOS, TALLERES Y GABINETES INFORM\u00c1TICOS Departamento de Higiene y Seguridad en el trabajo y Medio Ambiente UNSL https:\/\/www.youtube.com\/watch?v=-n97uIfxMNchttps%3A%2F%2Fwww.youtube.com%2Fwatch%3Fv%3Dsn2mPQ6Cdashttps%3A%2F%2Fwww.youtube.com%2Fwatch%3Fv%3DsH5F0WD5nIghttps%3A%2F%2Fwww.youtube.com%2Fwatch%3Fv%3DpVMqlvHkF_8https%3A%2F%2Fwww.youtube.com%2Fwatch%3Fv%3D3JpiD0paA2Uhttps%3A%2F%2Fsp.fica.unsl.edu.ar%2Fwp-content%2Fuploads%2F2025%2F09%2FVideo_Seguridad_Lab_Electronica.mp4\" \/>\n<meta property=\"og:url\" content=\"https:\/\/sp.fica.unsl.edu.ar\/index.php\/laboratorios\/\" \/>\n<meta property=\"og:site_name\" content=\"SP\" \/>\n<meta property=\"article:modified_time\" content=\"2025-09-08T23:41:06+00:00\" \/>\n<meta property=\"og:image\" content=\"https:\/\/sp.fica.unsl.edu.ar\/wp-content\/uploads\/2024\/04\/worker.png\" \/>\n<meta name=\"twitter:card\" content=\"summary_large_image\" \/>\n<meta name=\"twitter:label1\" content=\"Tiempo de lectura\" \/>\n\t<meta name=\"twitter:data1\" content=\"1 minuto\" \/>\n<script type=\"application\/ld+json\" class=\"yoast-schema-graph\">{\"@context\":\"https:\/\/schema.org\",\"@graph\":[{\"@type\":\"WebPage\",\"@id\":\"https:\/\/sp.fica.unsl.edu.ar\/index.php\/laboratorios\/\",\"url\":\"https:\/\/sp.fica.unsl.edu.ar\/index.php\/laboratorios\/\",\"name\":\"Laboratorios, Talleres y Gabinetes Inform\u00e1ticos - SP\",\"isPartOf\":{\"@id\":\"https:\/\/sp.fica.unsl.edu.ar\/#website\"},\"primaryImageOfPage\":{\"@id\":\"https:\/\/sp.fica.unsl.edu.ar\/index.php\/laboratorios\/#primaryimage\"},\"image\":{\"@id\":\"https:\/\/sp.fica.unsl.edu.ar\/index.php\/laboratorios\/#primaryimage\"},\"thumbnailUrl\":\"https:\/\/sp.fica.unsl.edu.ar\/wp-content\/uploads\/2024\/04\/worker.png\",\"datePublished\":\"2022-03-15T14:33:11+00:00\",\"dateModified\":\"2025-09-08T23:41:06+00:00\",\"breadcrumb\":{\"@id\":\"https:\/\/sp.fica.unsl.edu.ar\/index.php\/laboratorios\/#breadcrumb\"},\"inLanguage\":\"es-AR\",\"potentialAction\":[{\"@type\":\"ReadAction\",\"target\":[\"https:\/\/sp.fica.unsl.edu.ar\/index.php\/laboratorios\/\"]}]},{\"@type\":\"ImageObject\",\"inLanguage\":\"es-AR\",\"@id\":\"https:\/\/sp.fica.unsl.edu.ar\/index.php\/laboratorios\/#primaryimage\",\"url\":\"https:\/\/sp.fica.unsl.edu.ar\/wp-content\/uploads\/2024\/04\/worker.png\",\"contentUrl\":\"https:\/\/sp.fica.unsl.edu.ar\/wp-content\/uploads\/2024\/04\/worker.png\"},{\"@type\":\"BreadcrumbList\",\"@id\":\"https:\/\/sp.fica.unsl.edu.ar\/index.php\/laboratorios\/#breadcrumb\",\"itemListElement\":[{\"@type\":\"ListItem\",\"position\":1,\"name\":\"Inicio\",\"item\":\"https:\/\/sp.fica.unsl.edu.ar\/\"},{\"@type\":\"ListItem\",\"position\":2,\"name\":\"Laboratorios, Talleres y Gabinetes Inform\u00e1ticos\"}]},{\"@type\":\"WebSite\",\"@id\":\"https:\/\/sp.fica.unsl.edu.ar\/#website\",\"url\":\"https:\/\/sp.fica.unsl.edu.ar\/\",\"name\":\"SP\",\"description\":\"Secretar\u00eda de Planeamiento\",\"publisher\":{\"@id\":\"https:\/\/sp.fica.unsl.edu.ar\/#organization\"},\"potentialAction\":[{\"@type\":\"SearchAction\",\"target\":{\"@type\":\"EntryPoint\",\"urlTemplate\":\"https:\/\/sp.fica.unsl.edu.ar\/?s={search_term_string}\"},\"query-input\":{\"@type\":\"PropertyValueSpecification\",\"valueRequired\":true,\"valueName\":\"search_term_string\"}}],\"inLanguage\":\"es-AR\"},{\"@type\":\"Organization\",\"@id\":\"https:\/\/sp.fica.unsl.edu.ar\/#organization\",\"name\":\"Secretar\u00eda de Planeamiento - Facultad de Ingenier\u00eda y Ciencias Agropecuarias\",\"url\":\"https:\/\/sp.fica.unsl.edu.ar\/\",\"logo\":{\"@type\":\"ImageObject\",\"inLanguage\":\"es-AR\",\"@id\":\"https:\/\/sp.fica.unsl.edu.ar\/#\/schema\/logo\/image\/\",\"url\":\"https:\/\/sp.fica.unsl.edu.ar\/wp-content\/uploads\/2022\/02\/logo-SP.png\",\"contentUrl\":\"https:\/\/sp.fica.unsl.edu.ar\/wp-content\/uploads\/2022\/02\/logo-SP.png\",\"width\":4483,\"height\":1231,\"caption\":\"Secretar\u00eda de Planeamiento - Facultad de Ingenier\u00eda y Ciencias Agropecuarias\"},\"image\":{\"@id\":\"https:\/\/sp.fica.unsl.edu.ar\/#\/schema\/logo\/image\/\"}}]}<\/script>\n<!-- \/ Yoast SEO plugin. -->","yoast_head_json":{"title":"Laboratorios, Talleres y Gabinetes Inform\u00e1ticos - SP","robots":{"index":"index","follow":"follow","max-snippet":"max-snippet:-1","max-image-preview":"max-image-preview:large","max-video-preview":"max-video-preview:-1"},"canonical":"https:\/\/sp.fica.unsl.edu.ar\/index.php\/laboratorios\/","og_locale":"es_ES","og_type":"article","og_title":"Laboratorios, Talleres y Gabinetes Inform\u00e1ticos - SP","og_description":"INFORMACI\u00d3N SOBRE \u00c1MBITOS DE PR\u00c1CTICAS LABORATORIOS, TALLERES Y GABINETES INFORM\u00c1TICOS Departamento de Higiene y Seguridad en el trabajo y Medio Ambiente UNSL https:\/\/www.youtube.com\/watch?v=-n97uIfxMNchttps%3A%2F%2Fwww.youtube.com%2Fwatch%3Fv%3Dsn2mPQ6Cdashttps%3A%2F%2Fwww.youtube.com%2Fwatch%3Fv%3DsH5F0WD5nIghttps%3A%2F%2Fwww.youtube.com%2Fwatch%3Fv%3DpVMqlvHkF_8https%3A%2F%2Fwww.youtube.com%2Fwatch%3Fv%3D3JpiD0paA2Uhttps%3A%2F%2Fsp.fica.unsl.edu.ar%2Fwp-content%2Fuploads%2F2025%2F09%2FVideo_Seguridad_Lab_Electronica.mp4","og_url":"https:\/\/sp.fica.unsl.edu.ar\/index.php\/laboratorios\/","og_site_name":"SP","article_modified_time":"2025-09-08T23:41:06+00:00","og_image":[{"url":"https:\/\/sp.fica.unsl.edu.ar\/wp-content\/uploads\/2024\/04\/worker.png","type":"","width":"","height":""}],"twitter_card":"summary_large_image","twitter_misc":{"Tiempo de lectura":"1 minuto"},"schema":{"@context":"https:\/\/schema.org","@graph":[{"@type":"WebPage","@id":"https:\/\/sp.fica.unsl.edu.ar\/index.php\/laboratorios\/","url":"https:\/\/sp.fica.unsl.edu.ar\/index.php\/laboratorios\/","name":"Laboratorios, Talleres y Gabinetes Inform\u00e1ticos - SP","isPartOf":{"@id":"https:\/\/sp.fica.unsl.edu.ar\/#website"},"primaryImageOfPage":{"@id":"https:\/\/sp.fica.unsl.edu.ar\/index.php\/laboratorios\/#primaryimage"},"image":{"@id":"https:\/\/sp.fica.unsl.edu.ar\/index.php\/laboratorios\/#primaryimage"},"thumbnailUrl":"https:\/\/sp.fica.unsl.edu.ar\/wp-content\/uploads\/2024\/04\/worker.png","datePublished":"2022-03-15T14:33:11+00:00","dateModified":"2025-09-08T23:41:06+00:00","breadcrumb":{"@id":"https:\/\/sp.fica.unsl.edu.ar\/index.php\/laboratorios\/#breadcrumb"},"inLanguage":"es-AR","potentialAction":[{"@type":"ReadAction","target":["https:\/\/sp.fica.unsl.edu.ar\/index.php\/laboratorios\/"]}]},{"@type":"ImageObject","inLanguage":"es-AR","@id":"https:\/\/sp.fica.unsl.edu.ar\/index.php\/laboratorios\/#primaryimage","url":"https:\/\/sp.fica.unsl.edu.ar\/wp-content\/uploads\/2024\/04\/worker.png","contentUrl":"https:\/\/sp.fica.unsl.edu.ar\/wp-content\/uploads\/2024\/04\/worker.png"},{"@type":"BreadcrumbList","@id":"https:\/\/sp.fica.unsl.edu.ar\/index.php\/laboratorios\/#breadcrumb","itemListElement":[{"@type":"ListItem","position":1,"name":"Inicio","item":"https:\/\/sp.fica.unsl.edu.ar\/"},{"@type":"ListItem","position":2,"name":"Laboratorios, Talleres y Gabinetes Inform\u00e1ticos"}]},{"@type":"WebSite","@id":"https:\/\/sp.fica.unsl.edu.ar\/#website","url":"https:\/\/sp.fica.unsl.edu.ar\/","name":"SP","description":"Secretar\u00eda de Planeamiento","publisher":{"@id":"https:\/\/sp.fica.unsl.edu.ar\/#organization"},"potentialAction":[{"@type":"SearchAction","target":{"@type":"EntryPoint","urlTemplate":"https:\/\/sp.fica.unsl.edu.ar\/?s={search_term_string}"},"query-input":{"@type":"PropertyValueSpecification","valueRequired":true,"valueName":"search_term_string"}}],"inLanguage":"es-AR"},{"@type":"Organization","@id":"https:\/\/sp.fica.unsl.edu.ar\/#organization","name":"Secretar\u00eda de Planeamiento - Facultad de Ingenier\u00eda y Ciencias Agropecuarias","url":"https:\/\/sp.fica.unsl.edu.ar\/","logo":{"@type":"ImageObject","inLanguage":"es-AR","@id":"https:\/\/sp.fica.unsl.edu.ar\/#\/schema\/logo\/image\/","url":"https:\/\/sp.fica.unsl.edu.ar\/wp-content\/uploads\/2022\/02\/logo-SP.png","contentUrl":"https:\/\/sp.fica.unsl.edu.ar\/wp-content\/uploads\/2022\/02\/logo-SP.png","width":4483,"height":1231,"caption":"Secretar\u00eda de Planeamiento - Facultad de Ingenier\u00eda y Ciencias Agropecuarias"},"image":{"@id":"https:\/\/sp.fica.unsl.edu.ar\/#\/schema\/logo\/image\/"}}]}},"_links":{"self":[{"href":"https:\/\/sp.fica.unsl.edu.ar\/index.php\/wp-json\/wp\/v2\/pages\/682","targetHints":{"allow":["GET"]}}],"collection":[{"href":"https:\/\/sp.fica.unsl.edu.ar\/index.php\/wp-json\/wp\/v2\/pages"}],"about":[{"href":"https:\/\/sp.fica.unsl.edu.ar\/index.php\/wp-json\/wp\/v2\/types\/page"}],"author":[{"embeddable":true,"href":"https:\/\/sp.fica.unsl.edu.ar\/index.php\/wp-json\/wp\/v2\/users\/4"}],"replies":[{"embeddable":true,"href":"https:\/\/sp.fica.unsl.edu.ar\/index.php\/wp-json\/wp\/v2\/comments?post=682"}],"version-history":[{"count":26,"href":"https:\/\/sp.fica.unsl.edu.ar\/index.php\/wp-json\/wp\/v2\/pages\/682\/revisions"}],"predecessor-version":[{"id":1425,"href":"https:\/\/sp.fica.unsl.edu.ar\/index.php\/wp-json\/wp\/v2\/pages\/682\/revisions\/1425"}],"wp:attachment":[{"href":"https:\/\/sp.fica.unsl.edu.ar\/index.php\/wp-json\/wp\/v2\/media?parent=682"}],"curies":[{"name":"wp","href":"https:\/\/api.w.org\/{rel}","templated":true}]}}