{"id":904,"date":"2022-06-16T08:41:13","date_gmt":"2022-06-16T11:41:13","guid":{"rendered":"http:\/\/10.101.10.196\/sp\/?page_id=904"},"modified":"2022-06-16T08:48:23","modified_gmt":"2022-06-16T11:48:23","slug":"pase","status":"publish","type":"page","link":"https:\/\/sp.fica.unsl.edu.ar\/index.php\/pase\/","title":{"rendered":"PASE"},"content":{"rendered":"\t\t<div data-elementor-type=\"wp-page\" data-elementor-id=\"904\" class=\"elementor elementor-904\">\n\t\t\t\t\t\t<section class=\"elementor-section elementor-top-section elementor-element elementor-element-ef4e20c elementor-section-full_width elementor-section-height-default elementor-section-height-default\" data-id=\"ef4e20c\" data-element_type=\"section\" data-e-type=\"section\">\n\t\t\t\t\t\t<div class=\"elementor-container elementor-column-gap-default\">\n\t\t\t\t\t<div class=\"elementor-column elementor-col-100 elementor-top-column elementor-element elementor-element-cb64dad\" data-id=\"cb64dad\" data-element_type=\"column\" data-e-type=\"column\">\n\t\t\t<div class=\"elementor-widget-wrap elementor-element-populated\">\n\t\t\t\t\t\t<div class=\"elementor-element elementor-element-3534757 elementor-widget elementor-widget-button\" data-id=\"3534757\" data-element_type=\"widget\" data-e-type=\"widget\" data-widget_type=\"button.default\">\n\t\t\t\t<div class=\"elementor-widget-container\">\n\t\t\t\t\t\t\t\t\t<div class=\"elementor-button-wrapper\">\n\t\t\t\t\t<a class=\"elementor-button elementor-button-link elementor-size-sm\" href=\"#\">\n\t\t\t\t\t\t<span class=\"elementor-button-content-wrapper\">\n\t\t\t\t\t\t\t\t\t<span class=\"elementor-button-text\">Programa de Atenci\u00f3n y Seguimiento de Estudiantes<\/span>\n\t\t\t\t\t<\/span>\n\t\t\t\t\t<\/a>\n\t\t\t\t<\/div>\n\t\t\t\t\t\t\t\t<\/div>\n\t\t\t\t<\/div>\n\t\t\t\t<section class=\"elementor-section elementor-inner-section elementor-element elementor-element-ef43b4b elementor-section-boxed elementor-section-height-default elementor-section-height-default\" data-id=\"ef43b4b\" data-element_type=\"section\" data-e-type=\"section\">\n\t\t\t\t\t\t<div class=\"elementor-container elementor-column-gap-default\">\n\t\t\t\t\t<div class=\"elementor-column elementor-col-100 elementor-inner-column elementor-element elementor-element-487af72\" data-id=\"487af72\" data-element_type=\"column\" data-e-type=\"column\">\n\t\t\t<div class=\"elementor-widget-wrap elementor-element-populated\">\n\t\t\t\t\t\t<div class=\"elementor-element elementor-element-46705cf elementor-widget elementor-widget-text-editor\" data-id=\"46705cf\" data-element_type=\"widget\" data-e-type=\"widget\" data-widget_type=\"text-editor.default\">\n\t\t\t\t<div class=\"elementor-widget-container\">\n\t\t\t\t\t\t\t\t\t<p>El Programa de Atenci\u00f3n y Seguimiento de Estudiantes (PASE), se implement\u00f3 en el \u00e1mbito de la Facultad de Ingenier\u00eda y Ciencias Agropecuarias de la Universidad Nacional de San Luis, seg\u00fan <strong>Res. D. 458\/14<\/strong><\/p><p>El programa est\u00e1 coordinado en forma conjunta por la Secretar\u00eda de Planeamiento y Secretar\u00eda Acad\u00e9micas y tiene como Objetivo General: Detectar en forma temprana la necesidad de un abordaje interdisciplinario para la orientaci\u00f3n pedag\u00f3gica y psicosocial del estudiante universitario, a fin de contribuir a mejorar el nivel de retenci\u00f3n institucional de los Estudiantes.<\/p><p>El PASE tambi\u00e9n se encarga de la atenci\u00f3n de alumnos en todo lo que ellos necesiten, y busca las soluciones necesarias a los problemas que se planteen.<\/p><p>En tal sentido, todos los alumnos tienen las puertas abiertas de la oficina del programa, ubicado en planta baja, ala oeste del edificio principal del campus universitario, donde pueden acercarse con la finalidad de expresar sus problemas e inquietudes, o puede hacerse v\u00eda telef\u00f3nica o v\u00eda correo electr\u00f3nico.<\/p><p>Cuando los problemas de los alumnos est\u00e9n relacionados con materias o docentes, el abordaje de la soluci\u00f3n de los problemas se realizar\u00e1 manteniendo a los mismos en el anonimato.<\/p><p><span style=\"font-size: 24pt;\"><strong>ESTAMOS PARA AYUDARTE!!!<\/strong><\/span><\/p><p>Programa de Atenci\u00f3n y Seguimiento de Estudiantes<br \/>Segundo Piso Ala Oeste \u2013 Edificio Principal del Campus Universitario<br \/>Horario de Atenci\u00f3n Lunes a Viernes de 08:00 hs a 14:00 hs<br \/>Tel: <strong>531000 \u2013 Int 7184<\/strong><br \/>E-mail: <strong>pasa.fica.unsl@gmail.com<\/strong><\/p>\t\t\t\t\t\t\t\t<\/div>\n\t\t\t\t<\/div>\n\t\t\t\t\t<\/div>\n\t\t<\/div>\n\t\t\t\t\t<\/div>\n\t\t<\/section>\n\t\t\t\t\t<\/div>\n\t\t<\/div>\n\t\t\t\t\t<\/div>\n\t\t<\/section>\n\t\t\t\t<section class=\"elementor-section elementor-top-section elementor-element elementor-element-f88221e elementor-section-boxed elementor-section-height-default elementor-section-height-default\" data-id=\"f88221e\" data-element_type=\"section\" data-e-type=\"section\">\n\t\t\t\t\t\t<div class=\"elementor-container elementor-column-gap-default\">\n\t\t\t\t\t<div class=\"elementor-column elementor-col-100 elementor-top-column elementor-element elementor-element-767a645\" data-id=\"767a645\" data-element_type=\"column\" data-e-type=\"column\">\n\t\t\t<div class=\"elementor-widget-wrap elementor-element-populated\">\n\t\t\t\t\t\t<div class=\"elementor-element elementor-element-2e4fcd4 elementor-widget elementor-widget-spacer\" data-id=\"2e4fcd4\" data-element_type=\"widget\" data-e-type=\"widget\" data-widget_type=\"spacer.default\">\n\t\t\t\t<div class=\"elementor-widget-container\">\n\t\t\t\t\t\t\t<div class=\"elementor-spacer\">\n\t\t\t<div class=\"elementor-spacer-inner\"><\/div>\n\t\t<\/div>\n\t\t\t\t\t\t<\/div>\n\t\t\t\t<\/div>\n\t\t\t\t\t<\/div>\n\t\t<\/div>\n\t\t\t\t\t<\/div>\n\t\t<\/section>\n\t\t\t\t<\/div>\n\t\t","protected":false},"excerpt":{"rendered":"<p>Programa de Atenci\u00f3n y Seguimiento de Estudiantes El Programa de Atenci\u00f3n y Seguimiento de Estudiantes (PASE), se implement\u00f3 en el \u00e1mbito de la Facultad de&hellip;<\/p>\n","protected":false},"author":4,"featured_media":0,"parent":0,"menu_order":0,"comment_status":"closed","ping_status":"closed","template":"elementor_header_footer","meta":{"_monsterinsights_skip_tracking":false,"_monsterinsights_sitenote_active":false,"_monsterinsights_sitenote_note":"","_monsterinsights_sitenote_category":0,"footnotes":""},"class_list":["post-904","page","type-page","status-publish","hentry"],"yoast_head":"<!-- This site is optimized with the Yoast SEO plugin v27.0 - https:\/\/yoast.com\/product\/yoast-seo-wordpress\/ -->\n<title>PASE - SP<\/title>\n<meta name=\"robots\" content=\"index, follow, max-snippet:-1, max-image-preview:large, max-video-preview:-1\" \/>\n<link rel=\"canonical\" href=\"https:\/\/sp.fica.unsl.edu.ar\/index.php\/pase\/\" \/>\n<meta property=\"og:locale\" content=\"es_ES\" \/>\n<meta property=\"og:type\" content=\"article\" \/>\n<meta property=\"og:title\" content=\"PASE - SP\" \/>\n<meta property=\"og:description\" content=\"Programa de Atenci\u00f3n y Seguimiento de Estudiantes El Programa de Atenci\u00f3n y Seguimiento de Estudiantes (PASE), se implement\u00f3 en el \u00e1mbito de la Facultad de&hellip;\" \/>\n<meta property=\"og:url\" content=\"https:\/\/sp.fica.unsl.edu.ar\/index.php\/pase\/\" \/>\n<meta property=\"og:site_name\" content=\"SP\" \/>\n<meta property=\"article:modified_time\" content=\"2022-06-16T11:48:23+00:00\" \/>\n<meta name=\"twitter:card\" content=\"summary_large_image\" \/>\n<meta name=\"twitter:label1\" content=\"Tiempo de lectura\" \/>\n\t<meta name=\"twitter:data1\" content=\"1 minuto\" \/>\n<script type=\"application\/ld+json\" class=\"yoast-schema-graph\">{\"@context\":\"https:\/\/schema.org\",\"@graph\":[{\"@type\":\"WebPage\",\"@id\":\"https:\/\/sp.fica.unsl.edu.ar\/index.php\/pase\/\",\"url\":\"https:\/\/sp.fica.unsl.edu.ar\/index.php\/pase\/\",\"name\":\"PASE - SP\",\"isPartOf\":{\"@id\":\"https:\/\/sp.fica.unsl.edu.ar\/#website\"},\"datePublished\":\"2022-06-16T11:41:13+00:00\",\"dateModified\":\"2022-06-16T11:48:23+00:00\",\"breadcrumb\":{\"@id\":\"https:\/\/sp.fica.unsl.edu.ar\/index.php\/pase\/#breadcrumb\"},\"inLanguage\":\"es-AR\",\"potentialAction\":[{\"@type\":\"ReadAction\",\"target\":[\"https:\/\/sp.fica.unsl.edu.ar\/index.php\/pase\/\"]}]},{\"@type\":\"BreadcrumbList\",\"@id\":\"https:\/\/sp.fica.unsl.edu.ar\/index.php\/pase\/#breadcrumb\",\"itemListElement\":[{\"@type\":\"ListItem\",\"position\":1,\"name\":\"Inicio\",\"item\":\"https:\/\/sp.fica.unsl.edu.ar\/\"},{\"@type\":\"ListItem\",\"position\":2,\"name\":\"PASE\"}]},{\"@type\":\"WebSite\",\"@id\":\"https:\/\/sp.fica.unsl.edu.ar\/#website\",\"url\":\"https:\/\/sp.fica.unsl.edu.ar\/\",\"name\":\"SP\",\"description\":\"Secretar\u00eda de Planeamiento\",\"publisher\":{\"@id\":\"https:\/\/sp.fica.unsl.edu.ar\/#organization\"},\"potentialAction\":[{\"@type\":\"SearchAction\",\"target\":{\"@type\":\"EntryPoint\",\"urlTemplate\":\"https:\/\/sp.fica.unsl.edu.ar\/?s={search_term_string}\"},\"query-input\":{\"@type\":\"PropertyValueSpecification\",\"valueRequired\":true,\"valueName\":\"search_term_string\"}}],\"inLanguage\":\"es-AR\"},{\"@type\":\"Organization\",\"@id\":\"https:\/\/sp.fica.unsl.edu.ar\/#organization\",\"name\":\"Secretar\u00eda de Planeamiento - Facultad de Ingenier\u00eda y Ciencias Agropecuarias\",\"url\":\"https:\/\/sp.fica.unsl.edu.ar\/\",\"logo\":{\"@type\":\"ImageObject\",\"inLanguage\":\"es-AR\",\"@id\":\"https:\/\/sp.fica.unsl.edu.ar\/#\/schema\/logo\/image\/\",\"url\":\"https:\/\/sp.fica.unsl.edu.ar\/wp-content\/uploads\/2022\/02\/logo-SP.png\",\"contentUrl\":\"https:\/\/sp.fica.unsl.edu.ar\/wp-content\/uploads\/2022\/02\/logo-SP.png\",\"width\":4483,\"height\":1231,\"caption\":\"Secretar\u00eda de Planeamiento - Facultad de Ingenier\u00eda y Ciencias Agropecuarias\"},\"image\":{\"@id\":\"https:\/\/sp.fica.unsl.edu.ar\/#\/schema\/logo\/image\/\"}}]}<\/script>\n<!-- \/ Yoast SEO plugin. -->","yoast_head_json":{"title":"PASE - SP","robots":{"index":"index","follow":"follow","max-snippet":"max-snippet:-1","max-image-preview":"max-image-preview:large","max-video-preview":"max-video-preview:-1"},"canonical":"https:\/\/sp.fica.unsl.edu.ar\/index.php\/pase\/","og_locale":"es_ES","og_type":"article","og_title":"PASE - SP","og_description":"Programa de Atenci\u00f3n y Seguimiento de Estudiantes El Programa de Atenci\u00f3n y Seguimiento de Estudiantes (PASE), se implement\u00f3 en el \u00e1mbito de la Facultad de&hellip;","og_url":"https:\/\/sp.fica.unsl.edu.ar\/index.php\/pase\/","og_site_name":"SP","article_modified_time":"2022-06-16T11:48:23+00:00","twitter_card":"summary_large_image","twitter_misc":{"Tiempo de lectura":"1 minuto"},"schema":{"@context":"https:\/\/schema.org","@graph":[{"@type":"WebPage","@id":"https:\/\/sp.fica.unsl.edu.ar\/index.php\/pase\/","url":"https:\/\/sp.fica.unsl.edu.ar\/index.php\/pase\/","name":"PASE - SP","isPartOf":{"@id":"https:\/\/sp.fica.unsl.edu.ar\/#website"},"datePublished":"2022-06-16T11:41:13+00:00","dateModified":"2022-06-16T11:48:23+00:00","breadcrumb":{"@id":"https:\/\/sp.fica.unsl.edu.ar\/index.php\/pase\/#breadcrumb"},"inLanguage":"es-AR","potentialAction":[{"@type":"ReadAction","target":["https:\/\/sp.fica.unsl.edu.ar\/index.php\/pase\/"]}]},{"@type":"BreadcrumbList","@id":"https:\/\/sp.fica.unsl.edu.ar\/index.php\/pase\/#breadcrumb","itemListElement":[{"@type":"ListItem","position":1,"name":"Inicio","item":"https:\/\/sp.fica.unsl.edu.ar\/"},{"@type":"ListItem","position":2,"name":"PASE"}]},{"@type":"WebSite","@id":"https:\/\/sp.fica.unsl.edu.ar\/#website","url":"https:\/\/sp.fica.unsl.edu.ar\/","name":"SP","description":"Secretar\u00eda de Planeamiento","publisher":{"@id":"https:\/\/sp.fica.unsl.edu.ar\/#organization"},"potentialAction":[{"@type":"SearchAction","target":{"@type":"EntryPoint","urlTemplate":"https:\/\/sp.fica.unsl.edu.ar\/?s={search_term_string}"},"query-input":{"@type":"PropertyValueSpecification","valueRequired":true,"valueName":"search_term_string"}}],"inLanguage":"es-AR"},{"@type":"Organization","@id":"https:\/\/sp.fica.unsl.edu.ar\/#organization","name":"Secretar\u00eda de Planeamiento - Facultad de Ingenier\u00eda y Ciencias Agropecuarias","url":"https:\/\/sp.fica.unsl.edu.ar\/","logo":{"@type":"ImageObject","inLanguage":"es-AR","@id":"https:\/\/sp.fica.unsl.edu.ar\/#\/schema\/logo\/image\/","url":"https:\/\/sp.fica.unsl.edu.ar\/wp-content\/uploads\/2022\/02\/logo-SP.png","contentUrl":"https:\/\/sp.fica.unsl.edu.ar\/wp-content\/uploads\/2022\/02\/logo-SP.png","width":4483,"height":1231,"caption":"Secretar\u00eda de Planeamiento - Facultad de Ingenier\u00eda y Ciencias Agropecuarias"},"image":{"@id":"https:\/\/sp.fica.unsl.edu.ar\/#\/schema\/logo\/image\/"}}]}},"_links":{"self":[{"href":"https:\/\/sp.fica.unsl.edu.ar\/index.php\/wp-json\/wp\/v2\/pages\/904","targetHints":{"allow":["GET"]}}],"collection":[{"href":"https:\/\/sp.fica.unsl.edu.ar\/index.php\/wp-json\/wp\/v2\/pages"}],"about":[{"href":"https:\/\/sp.fica.unsl.edu.ar\/index.php\/wp-json\/wp\/v2\/types\/page"}],"author":[{"embeddable":true,"href":"https:\/\/sp.fica.unsl.edu.ar\/index.php\/wp-json\/wp\/v2\/users\/4"}],"replies":[{"embeddable":true,"href":"https:\/\/sp.fica.unsl.edu.ar\/index.php\/wp-json\/wp\/v2\/comments?post=904"}],"version-history":[{"count":4,"href":"https:\/\/sp.fica.unsl.edu.ar\/index.php\/wp-json\/wp\/v2\/pages\/904\/revisions"}],"predecessor-version":[{"id":908,"href":"https:\/\/sp.fica.unsl.edu.ar\/index.php\/wp-json\/wp\/v2\/pages\/904\/revisions\/908"}],"wp:attachment":[{"href":"https:\/\/sp.fica.unsl.edu.ar\/index.php\/wp-json\/wp\/v2\/media?parent=904"}],"curies":[{"name":"wp","href":"https:\/\/api.w.org\/{rel}","templated":true}]}}